{"id":15553,"date":"2023-09-28T09:52:54","date_gmt":"2023-09-28T09:52:54","guid":{"rendered":"https:\/\/moveukraine.org\/?page_id=15553"},"modified":"2026-03-31T12:27:04","modified_gmt":"2026-03-31T12:27:04","slug":"propos-de-nous","status":"publish","type":"page","link":"https:\/\/moveukraine.org\/fr\/index.php\/propos-de-nous\/","title":{"rendered":"\u00c0 propos de nous"},"content":{"rendered":"\n<figure itemscope itemtype=\"https:\/\/schema.org\/ImageObject\">\n\t\t\t\t<img decoding=\"async\" src=\"https:\/\/moveukraine.org\/wp-content\/uploads\/2025\/07\/abt_us.jpg\" alt=\"abt_us\" height=\"894\" width=\"1280\" title=\"abt_us\" onerror=\"this.style.display='none'\" loading=\"lazy\" \/>\n\t<\/figure>\n<h1>\n\t\t\tMoveUkraine est un organisme de bienfaisance ukrainien officiellement enregistr\u00e9 et r\u00e9glement\u00e9 avec des cofondateurs am\u00e9ricains et suisses.  \t<\/h1>\n\t<p>Notre engagement en mati\u00e8re de transparence est au c\u0153ur de notre mission caritative, guidant chaque facette de notre travail et garantissant la confiance et la responsabilit\u00e9 qui sous-tendent nos efforts.<\/p>\n\t<p> <strong>John Shmorhun<\/strong> , un Am\u00e9ricain d&rsquo;origine ukrainienne, est le fondateur et le directeur g\u00e9n\u00e9ral de MoveUkraine. John a occup\u00e9 des fonctions de cadre international pendant plus de 35 ans, dont pr\u00e8s de trois d\u00e9cennies pass\u00e9es \u00e0 vivre et \u00e0 travailler en Ukraine. <\/p>\n<p>&nbsp;<\/p>\n<p><strong>Patricia Shmorhun-Hawrylyshyn<\/strong> est cofondatrice de la fondation caritative MoveUkraine, entrepreneuse suisse-ukrainienne, partenaire de la soci\u00e9t\u00e9 Porcelain Group (r\u00e9seau de cliniques dentaires et ophtalmologiques en Ukraine), cofondatrice de la Pechersk School International (\u00e9cole IB \u00e0 Kiev) et cofondatrice de la fondation caritative de la famille Bohdan Hawrylyshyn.<\/p>\n\t<p><strong>MoveUkraine est une organisation caritative officiellement enregistr\u00e9e<\/strong> et r\u00e9glement\u00e9e <strong>en Ukraine<\/strong>, \u00e9galement enregistr\u00e9e <strong>en Suisse<\/strong> en tant que fondation caritative.<\/p>\n<p>&nbsp;<\/p>\n<p>L&rsquo;id\u00e9e de cr\u00e9er la fondation caritative <strong>MoveUkraine<\/strong> est n\u00e9e dans les premiers jours de l&rsquo;invasion \u00e0 grande \u00e9chelle, lorsque John a assist\u00e9 au spectacle d\u00e9chirant de milliers de m\u00e8res et d&rsquo;enfants ukrainiens qui affluaient en Ukraine occidentale. Cherchant refuge, beaucoup ont \u00e9t\u00e9 contraints de dormir sur le sol des gares, des \u00e9glises, des \u00e9coles et des salles des f\u00eates. Touch\u00e9 par leur r\u00e9silience et l&rsquo;ampleur de la crise humanitaire, John est d\u00e9termin\u00e9 \u00e0 agir. Le <strong>18 mai 2022<\/strong>, il a <strong>officiellement fond\u00e9 MoveUkraine<\/strong> pour offrir aux personnes d\u00e9plac\u00e9es des conditions de vie s\u00fbres et dignes &#8211; et l&rsquo;espoir de reconstruire leur vie.<\/p>\n<p>&nbsp;<\/p>\n<p>&nbsp;<\/p>\n\t<p> \u00c0 ce jour, MoveUkraine a <strong>r\u00e9colt\u00e9 plus de 4 900 000 dollars, permettant ainsi \u00e0 1 271 Ukrainiens de trouver un logement dans plus de 22 b\u00e2timents r\u00e9partis dans toute l&rsquo;Ukraine<\/strong>. Toutes ces nouvelles maisons ont \u00e9t\u00e9 construites et r\u00e9nov\u00e9es par MoveUkraine et garantissent des conditions de vie dignes aux personnes d\u00e9plac\u00e9es \u00e0 l&rsquo;int\u00e9rieur du pays.<\/p>\n<h2>\n\t\t\tMoveUkraine prend soin des Ukrainiens d\u00e9plac\u00e9s \u00e0 l&rsquo;int\u00e9rieur du pays qui ont perdu leur maison et ont besoin d&rsquo;aide. On cr\u00e9e des centres de r\u00e9adaptation modernes pour les v\u00e9t\u00e9rans et les personnes touch\u00e9es par la guerre, en les aidant \u00e0 retrouver la sant\u00e9, la force et l&rsquo;espoir d&rsquo;un avenir meilleur.\t<\/h2>\n<h3>\n\t\t\tNOTRE DEVISE : MAISON, EMPLOI, VIE\t<\/h3>\n\t<ul>\n<li><strong>LOGEMENTS :<\/strong> nos maisons r\u00e9nov\u00e9es et nos immeubles d&rsquo;appartements sociaux sont construits cl\u00e9 en main avec le mobilier et les appareils personnalis\u00e9s n\u00e9cessaires \u00e0 des conditions de vie dignes ; nous \u00e9tablissons \u00e9galement des centres de r\u00e9adaptation \u00e9quip\u00e9s d&rsquo;\u00e9quipements m\u00e9dicaux sp\u00e9cialis\u00e9s et d&rsquo;environnements confortables pour le r\u00e9tablissement physique et psychologique des anciens combattants et des personnes handicap\u00e9es ;<\/li>\n<li><strong>EMPLOIS :<\/strong> nous travaillons avec des fabricants de meubles locaux et nous offrons du travail \u00e0 nos d\u00e9plac\u00e9s internes locaux. Nous proposons \u00e9galement des formations internes et externes aux gestionnaires de site qui encadrent et accompagnent nos r\u00e9sidents dans leurs nouveaux logements et communaut\u00e9s ; <\/li>\n<li><strong>VIE :<\/strong> nous rendons r\u00e9guli\u00e8rement visite \u00e0 nos r\u00e9sidents et nous faisons partie de leur vie. Nous coordonnons des programmes \u00e9ducatifs, culturels, m\u00e9dicaux et psychologiques pour les familles. <\/li>\n<\/ul>\n<h3>\n\t\t\tNOS ATOUTS :\t<\/h3>\n\t<ul>\n<li>MoveUkraine <strong>r\u00e9alise les choses rapidement<\/strong> et efficacement en tirant parti de nos comp\u00e9tences \u00e9prouv\u00e9es en gestion d&rsquo;entreprise\u00a0;<\/li>\n<li>nous excellons dans <strong>l&rsquo;\u00e9tablissement de relations solides<\/strong> et <strong>de collaborations pr\u00e9cieuses<\/strong> avec des organismes de bienfaisance et des entit\u00e9s gouvernementales \u00e9tablis\u00a0;<\/li>\n<li>nous sommes <strong>pratiques<\/strong> . Les membres de l&rsquo;\u00e9quipe r\u00e9sident souvent \u00e0 proximit\u00e9 de bon nombre de nos projets et se d\u00e9placent r\u00e9guli\u00e8rement vers des endroits plus \u00e9loign\u00e9s en cas de besoin extr\u00eame, imm\u00e9diat ou \u00e0 long terme\u00a0; <\/li>\n<li>nous accordons la priorit\u00e9 <strong>\u00e0 la fiabilit\u00e9,<\/strong> tant en interne qu&rsquo;en externe. Nous travaillons depuis plus de 30 ans dans des entreprises transparentes et prosp\u00e8res en Ukraine. <\/li>\n<\/ul>\n\t<p>  Notre partenaire am\u00e9ricain, <strong>Applied Hope Foundation<\/strong> , est une organisation <strong>\u00e0 but non lucratif 501(c)3<\/strong> qui <strong>s&rsquo;est associ\u00e9e \u00e0 MoveUkraine<\/strong> pour fournir des dons d\u00e9ductibles des imp\u00f4ts aux \u00c9tats-Unis en utilisant des processus approuv\u00e9s par l&rsquo;IRS.  <\/p>\n<p>Votre don <strong>permettra de construire un foyer pour les familles d\u00e9plac\u00e9es en Ukraine qui ont tout perdu<\/strong> . De plus, votre don contribuera \u00e0 la <strong>construction de centres de r\u00e9adaptation<\/strong> pour les v\u00e9t\u00e9rans et les personnes handicap\u00e9es, les aidant \u00e0 reprendre des forces et \u00e0 reconstruire leur vie. <\/p>\n<h3>\n\t\t\tNOTRE \u00c9QUIPE UKRAINIENNE \ud83c\uddfa\ud83c\udde6\t<\/h3>\n<figure itemscope itemtype=\"https:\/\/schema.org\/ImageObject\">\n\t\t\t\t<img decoding=\"async\" src=\"https:\/\/moveukraine.org\/wp-content\/uploads\/2025\/06\/john-scaled.jpg\" alt=\"John\" height=\"2560\" width=\"2365\" title=\"John\" onerror=\"this.style.display='none'\" loading=\"lazy\" \/>\n\t<\/figure>\n\t<p><strong>John Shmorhun<\/strong><\/p>\n<p>PDG et fondateur<\/p>\n\t<ul>\n\t\t\t<li>\n\t\t\t\n\t\t\t<a href=\"mailto:John@moveukraine.org\" target=\"_self\"  data-hover=\"John@moveukraine.org\" aria-label=\"John@moveukraine.org\">John@moveukraine.org<\/a>\n\t\t\t\n\t\t<\/li>\n\t\t\t\t<\/ul>\n<figure itemscope itemtype=\"https:\/\/schema.org\/ImageObject\">\n\t\t\t\t<img decoding=\"async\" src=\"https:\/\/moveukraine.org\/wp-content\/uploads\/2025\/06\/tusya.jpg\" alt=\"\u0422\u0443\u0441\u044f\" height=\"1112\" width=\"1023\" title=\"\u0422\u0443\u0441\u044f\" onerror=\"this.style.display='none'\" loading=\"lazy\" \/>\n\t<\/figure>\n\t<p><strong>Patricia Shmorhun-Hawrylyshyn<\/strong><\/p>\n<p>Directrice des op\u00e9rations et cofondatrice<\/p>\n\t<ul>\n\t\t\t<li>\n\t\t\t\n\t\t\t<a href=\"mailto:Tuscia@moveukraine.org\" target=\"_self\"  data-hover=\"Tuscia@moveukraine.org\" aria-label=\"Tuscia@moveukraine.org\">Tuscia@moveukraine.org<\/a>\n\t\t\t\n\t\t<\/li>\n\t\t\t\t<\/ul>\n<figure itemscope itemtype=\"https:\/\/schema.org\/ImageObject\">\n\t\t\t\t<img decoding=\"async\" src=\"https:\/\/moveukraine.org\/wp-content\/uploads\/2025\/06\/tonya.jpg\" alt=\"\u0422\u043e\u043d\u044f\" height=\"2400\" width=\"2156\" title=\"\u0422\u043e\u043d\u044f\" onerror=\"this.style.display='none'\" loading=\"lazy\" \/>\n\t<\/figure>\n\t<p><strong>Antonina Berezovenko<\/strong><\/p>\n<p>R\u00e9alisatrice<\/p>\n\t<ul>\n\t\t\t<li>\n\t\t\t\n\t\t\t<a href=\"mailto:Antonina@moveukraine.org\" target=\"_self\"  data-hover=\"Antonina@moveukraine.org\" aria-label=\"Antonina@moveukraine.org\">Antonina@moveukraine.org<\/a>\n\t\t\t\n\t\t<\/li>\n\t\t\t\t<\/ul>\n<figure itemscope itemtype=\"https:\/\/schema.org\/ImageObject\">\n\t\t\t\t<img decoding=\"async\" src=\"https:\/\/moveukraine.org\/wp-content\/uploads\/2025\/06\/ma.jpg\" alt=\"\u041c\u0430\" height=\"2112\" width=\"1988\" title=\"\u041c\u0430\" onerror=\"this.style.display='none'\" loading=\"lazy\" \/>\n\t<\/figure>\n\t<p><strong>Mariana Dumenko<\/strong><\/p>\n<p>Gestionnaire de communication<\/p>\n\t<ul>\n\t\t\t<li>\n\t\t\t\n\t\t\t<a href=\"mailto:Mariana@moveukraine.org\" target=\"_self\"  data-hover=\"Mariana@moveukraine.org\" aria-label=\"Mariana@moveukraine.org\">Mariana@moveukraine.org<\/a>\n\t\t\t\n\t\t<\/li>\n\t\t\t\t<\/ul>\n<figure itemscope itemtype=\"https:\/\/schema.org\/ImageObject\">\n\t\t\t\t<img decoding=\"async\" src=\"https:\/\/moveukraine.org\/wp-content\/uploads\/2025\/06\/viktor.jpg\" alt=\"\u0412\u0456\u043a\u0442\u043e\u0440\" height=\"2112\" width=\"1916\" title=\"\u0412\u0456\u043a\u0442\u043e\u0440\" onerror=\"this.style.display='none'\" loading=\"lazy\" \/>\n\t<\/figure>\n\t<p><strong>Victor Semenov<\/strong><\/p>\n<p>Chef de projet<\/p>\n\t<ul>\n\t\t\t<li>\n\t\t\t\n\t\t\t<a href=\"mailto:victor@moveukraine.org\" target=\"_self\"  data-hover=\"victor@moveukraine.org\" aria-label=\"victor@moveukraine.org\">victor@moveukraine.org<\/a>\n\t\t\t\n\t\t<\/li>\n\t\t\t\t<\/ul>\n<figure itemscope itemtype=\"https:\/\/schema.org\/ImageObject\">\n\t\t\t\t<img decoding=\"async\" src=\"https:\/\/moveukraine.org\/wp-content\/uploads\/2025\/06\/ira.jpg\" alt=\"\u0406\u0440\u0430\" height=\"2328\" width=\"2060\" title=\"\u0406\u0440\u0430\" onerror=\"this.style.display='none'\" loading=\"lazy\" \/>\n\t<\/figure>\n\t<p><strong>Iryna Kravtchenko<\/strong><\/p>\n<p>Responsable marketing<\/p>\n\t<ul>\n\t\t\t<li>\n\t\t\t\n\t\t\t<a href=\"mailto:iryna@moveukraine.org\" target=\"_self\"  data-hover=\"iryna@moveukraine.org\" aria-label=\"iryna@moveukraine.org\">iryna@moveukraine.org<\/a>\n\t\t\t\n\t\t<\/li>\n\t\t\t\t<\/ul>\n<figure itemscope itemtype=\"https:\/\/schema.org\/ImageObject\">\n\t\t\t\t<img decoding=\"async\" src=\"https:\/\/moveukraine.org\/wp-content\/uploads\/2025\/06\/yarko.jpg\" alt=\"\u042f\u0440\u043a\u043e\" height=\"2544\" width=\"2251\" title=\"\u042f\u0440\u043a\u043e\" onerror=\"this.style.display='none'\" loading=\"lazy\" \/>\n\t<\/figure>\n\t<p><strong>Iaroslav Romanenko<\/strong><\/p>\n<p>Chef de projet<\/p>\n\t<ul>\n\t\t\t<li>\n\t\t\t\n\t\t\t<a href=\"mailto:yaroslav@moveukraine.org\" target=\"_self\"  data-hover=\"yaroslav@moveukraine.org\" aria-label=\"yaroslav@moveukraine.org\">yaroslav@moveukraine.org<\/a>\n\t\t\t\n\t\t<\/li>\n\t\t\t\t<\/ul>\n<figure itemscope itemtype=\"https:\/\/schema.org\/ImageObject\">\n\t\t\t\t<img decoding=\"async\" src=\"https:\/\/moveukraine.org\/wp-content\/uploads\/2025\/06\/yurij-scaled.jpg\" alt=\"\u042e\u0440\u0456\u0439\" height=\"2560\" width=\"2281\" title=\"\u042e\u0440\u0456\u0439\" onerror=\"this.style.display='none'\" loading=\"lazy\" \/>\n\t<\/figure>\n\t<p><strong>Iurii Myronenko\u00a0<\/strong><\/p>\n<p>Chef de projet<\/p>\n\t<ul>\n\t\t\t<li>\n\t\t\t\n\t\t\t<a href=\"mailto:iurii@moveukraine.org\" target=\"_self\"  data-hover=\"iurii@moveukraine.org\" aria-label=\"iurii@moveukraine.org\">iurii@moveukraine.org<\/a>\n\t\t\t\n\t\t<\/li>\n\t\t\t\t<\/ul>\n<figure itemscope itemtype=\"https:\/\/schema.org\/ImageObject\">\n\t\t\t\t<img decoding=\"async\" src=\"https:\/\/moveukraine.org\/wp-content\/uploads\/2025\/06\/mik.jpg\" alt=\"\u041c\u0438\u043a\" height=\"2376\" width=\"2132\" title=\"\u041c\u0438\u043a\" onerror=\"this.style.display='none'\" loading=\"lazy\" \/>\n\t<\/figure>\n\t<p><strong>Mykola Bulavynets<\/strong><\/p>\n<p>Juriste<\/p>\n\t<ul>\n\t\t\t<li>\n\t\t\t\n\t\t\t<a href=\"mailto:mykola@moveukraine.org\" target=\"_self\"  data-hover=\"mykola@moveukraine.org\" aria-label=\"mykola@moveukraine.org\">mykola@moveukraine.org<\/a>\n\t\t\t\n\t\t<\/li>\n\t\t\t\t<\/ul>\n<figure itemscope itemtype=\"https:\/\/schema.org\/ImageObject\">\n\t\t\t\t<img decoding=\"async\" src=\"https:\/\/moveukraine.org\/wp-content\/uploads\/2025\/06\/pet.jpg\" alt=\"\u041f\u0435\u0442\" height=\"422\" width=\"400\" title=\"\u041f\u0435\u0442\" onerror=\"this.style.display='none'\" loading=\"lazy\" \/>\n\t<\/figure>\n\t<p><strong>Petro Hawrylyshyn<\/strong><\/p>\n<p>Coordonnatrice des m\u00e9dias<\/p>\n\t<ul>\n\t\t\t<li>\n\t\t\t\n\t\t\t<a href=\"mailto:Petro@moveukraine.org\" target=\"_self\"  data-hover=\"Petro@moveukraine.org\" aria-label=\"Petro@moveukraine.org\">Petro@moveukraine.org<\/a>\n\t\t\t\n\t\t<\/li>\n\t\t\t\t<\/ul>\n<figure itemscope itemtype=\"https:\/\/schema.org\/ImageObject\">\n\t\t\t\t<img decoding=\"async\" src=\"https:\/\/moveukraine.org\/wp-content\/uploads\/2025\/10\/o.jpg\" alt=\"\u041e\" height=\"376\" width=\"332\" title=\"\u041e\" onerror=\"this.style.display='none'\" loading=\"lazy\" \/>\n\t<\/figure>\n\t<p><strong>Olha Koval<\/strong><\/p>\n<p>Coordonnateur de bureau<\/p>\n\t<ul>\n\t\t\t<li>\n\t\t\t\n\t\t\t<a href=\"mailto:Petro@moveukraine.org\" target=\"_self\"  data-hover=\"olia@moveukraine.org\" aria-label=\"olia@moveukraine.org\">olia@moveukraine.org<\/a>\n\t\t\t\n\t\t<\/li>\n\t\t\t\t<\/ul>\n<figure itemscope itemtype=\"https:\/\/schema.org\/ImageObject\">\n\t\t\t\t<img decoding=\"async\" src=\"https:\/\/moveukraine.org\/wp-content\/uploads\/2025\/06\/valik.jpg\" alt=\"\u0412\u0430\u043b\u0456\u043a\" height=\"2018\" width=\"1759\" title=\"\u0412\u0430\u043b\u0456\u043a\" onerror=\"this.style.display='none'\" loading=\"lazy\" \/>\n\t<\/figure>\n\t<p><strong>Valentyn Koval<\/strong><\/p>\n<p>Officier chevronn\u00e9<\/p>\n\t<ul>\n\t\t\t<li>\n\t\t\t\n\t\t\t<a href=\"mailto:iurii@moveukraine.org\" target=\"_self\"  data-hover=\"valik@moveukraine.org\" aria-label=\"valik@moveukraine.org\">valik@moveukraine.org<\/a>\n\t\t\t\n\t\t<\/li>\n\t\t\t\t<\/ul>\n<h2>\n\t\t\tNOTRE \u00c9QUIPE SUISSE \ud83c\udde8\ud83c\udded\t<\/h2>\n<figure itemscope itemtype=\"https:\/\/schema.org\/ImageObject\">\n\t\t\t\t<img decoding=\"async\" src=\"https:\/\/moveukraine.org\/wp-content\/uploads\/2024\/02\/darius.jpg\" alt=\"person photo\" height=\"500\" width=\"400\" title=\"Darius\" onerror=\"this.style.display='none'\" loading=\"lazy\" \/>\n\t<\/figure>\n\t<p><strong>Darius Hyworon<\/strong><\/p>\n<p>Membre du conseil d&rsquo;administration<\/p>\n\t<ul>\n\t\t\t<li>\n\t\t\t\n\t\t\t<a href=\"mailto:darius@moveukraine.org\" target=\"_self\"  data-hover=\"darius@moveukraine.org\" aria-label=\"darius@moveukraine.org\">darius@moveukraine.org<\/a>\n\t\t\t\n\t\t<\/li>\n\t\t\t\t<\/ul>\n<figure itemscope itemtype=\"https:\/\/schema.org\/ImageObject\">\n\t\t\t\t<img decoding=\"async\" src=\"https:\/\/moveukraine.org\/wp-content\/uploads\/2024\/02\/christine.jpg\" alt=\"person photo\" height=\"500\" width=\"400\" title=\"Christine\" onerror=\"this.style.display='none'\" loading=\"lazy\" \/>\n\t<\/figure>\n\t<p><strong>Christine Hawrylyshyn-Batruch<\/strong><\/p>\n<p>Membre du conseil d&rsquo;administration<\/p>\n\t<ul>\n\t\t\t<li>\n\t\t\t\n\t\t\t<a href=\"mailto:christine@moveukraine.org\" target=\"_self\"  data-hover=\"christine@moveukraine.org\" aria-label=\"christine@moveukraine.org\">christine@moveukraine.org<\/a>\n\t\t\t\n\t\t<\/li>\n\t\t\t\t<\/ul>\n<figure itemscope itemtype=\"https:\/\/schema.org\/ImageObject\">\n\t\t\t\t<img decoding=\"async\" src=\"https:\/\/moveukraine.org\/wp-content\/uploads\/2024\/10\/paul-bourassa-photo_na-sajt.png\" alt=\"Paul Bourassa photo_\u043d\u0430 \u0441\u0430\u0439\u0442\" height=\"500\" width=\"402\" title=\"Paul Bourassa photo_\u043d\u0430 \u0441\u0430\u0439\u0442\" onerror=\"this.style.display='none'\" loading=\"lazy\" \/>\n\t<\/figure>\n\t<p><strong>Paul Bourassa<\/strong><\/p>\n<p>Fondateur et Pr\u00e9sident<\/p>\n\t<ul>\n\t\t\t<li>\n\t\t\t\n\t\t\t<a href=\"mailto:paul@moveukraine.org\" target=\"_self\"  data-hover=\"paul@moveukraine.org\" aria-label=\"paul@moveukraine.org\">paul@moveukraine.org<\/a>\n\t\t\t\n\t\t<\/li>\n\t\t\t\t<\/ul>\n<figure itemscope itemtype=\"https:\/\/schema.org\/ImageObject\">\n\t\t\t\t<img decoding=\"async\" src=\"https:\/\/moveukraine.org\/wp-content\/uploads\/2026\/02\/photo_didi.jpg\" alt=\"Photo_Didi\" height=\"500\" width=\"400\" title=\"Photo_Didi\" onerror=\"this.style.display='none'\" loading=\"lazy\" \/>\n\t<\/figure>\n\t<p>Dieter Z\u00fcrcher<\/p>\n<p>Membre du conseil d&rsquo;administration<\/p>\n\t<ul>\n\t\t\t<li>\n\t\t\t\n\t\t\t<a href=\"mailto:paul@moveukraine.org\" target=\"_self\"  data-hover=\"dieter@moveukraine.org\" aria-label=\"dieter@moveukraine.org\">dieter@moveukraine.org<\/a>\n\t\t\t\n\t\t<\/li>\n\t\t\t\t<\/ul>\n<h2>\n\t\t\tNOTRE \u00c9QUIPE AM\u00c9RICAINE \ud83c\uddfa\ud83c\uddf8\t<\/h2>\n<figure itemscope itemtype=\"https:\/\/schema.org\/ImageObject\">\n\t\t\t\t<img decoding=\"async\" src=\"https:\/\/moveukraine.org\/wp-content\/uploads\/2023\/09\/Ken_400_500.png\" alt=\"Ken_400_500\" height=\"500\" width=\"400\" title=\"Ken_400_500\" onerror=\"this.style.display='none'\" loading=\"lazy\" \/>\n\t<\/figure>\n\t<p><strong>Ken Shearer<\/strong><\/p>\n<p>responsable des \u00c9tats-Unis<\/p>\n\t<ul>\n\t\t\t<li>\n\t\t\t\n\t\t\t<a href=\"mailto:Ken@moveukraine.org\" target=\"_self\"  data-hover=\"Ken@moveukraine.org\" aria-label=\"Ken@moveukraine.org\">Ken@moveukraine.org<\/a>\n\t\t\t\n\t\t<\/li>\n\t\t\t\t<\/ul>\n<figure itemscope itemtype=\"https:\/\/schema.org\/ImageObject\">\n\t\t\t\t<img decoding=\"async\" src=\"https:\/\/moveukraine.org\/wp-content\/uploads\/2023\/09\/Gay_400_500.png\" alt=\"Gay_400_500\" height=\"500\" width=\"400\" title=\"Gay_400_500\" onerror=\"this.style.display='none'\" loading=\"lazy\" \/>\n\t<\/figure>\n\t<p><strong>Gay Mathews<\/strong><\/p>\n<p>directeur financier pour les \u00c9tats-Unis<\/p>\n\t<ul>\n\t\t\t<li>\n\t\t\t\n\t\t\t<a href=\"mailto:Gay@moveukraine.org\" target=\"_self\"  data-hover=\"Gay@moveukraine.org\" aria-label=\"Gay@moveukraine.org\">Gay@moveukraine.org<\/a>\n\t\t\t\n\t\t<\/li>\n\t\t\t\t<\/ul>\n<figure itemscope itemtype=\"https:\/\/schema.org\/ImageObject\">\n\t\t\t\t<img decoding=\"async\" src=\"https:\/\/moveukraine.org\/wp-content\/uploads\/2023\/10\/Kathleen-photo.png\" alt=\"Kathleen photo\" height=\"500\" width=\"400\" title=\"Kathleen photo\" onerror=\"this.style.display='none'\" loading=\"lazy\" \/>\n\t<\/figure>\n\t<p><strong>Kathleen Hessert<\/strong><\/p>\n<p>Directrice de KidsKonnectUkraine<\/p>\n\t<ul>\n\t\t\t<li>\n\t\t\t\n\t\t\t<a href=\"mailto:Kathleen@moveukraine.org\" target=\"_self\"  data-hover=\"Kathleen@moveukraine.org\" aria-label=\"Kathleen@moveukraine.org\">Kathleen@moveukraine.org<\/a>\n\t\t\t\n\t\t<\/li>\n\t\t\t\t<\/ul>\n<h2>\n\t\t\tQuestions g\u00e9n\u00e9rales &#8211; contact@moveukraine.org\t<\/h2>\n\t<div class='root-data-givewp-embed' data-form-locale='fr_FR' data-form-url='https:\/\/moveukraine.org\/?post_type=give_forms&amp;p=17317' data-form-view-url='https:\/\/moveukraine.org\/fr\/?givewp-route=donation-form-view&amp;form-id=17317' data-src='https:\/\/moveukraine.org\/fr\/?givewp-route=donation-form-view&amp;form-id=17317' data-givewp-embed-id='give-form-shortcode-1' data-form-format='' data-open-form-button='Faire un don maintenant' style='--givewp-primary-color: #005bbb; --givewp-secondary-color: #F1BB40;'><\/div>\n\t<p>Autres types de dons alternatifs<\/p>\n\t\t\t<a href=\"https:\/\/moveukraine.org\/donation-alternatives\/\"  target=\"_self\">\n\t\t\t\t\t\t\tAller \u00e0 la page\n\t\t\t\t\t<\/a>\n\n","protected":false},"excerpt":{"rendered":"<p>MoveUkraine est un organisme de bienfaisance ukrainien officiellement enregistr\u00e9 et r\u00e9glement\u00e9 avec des cofondateurs am\u00e9ricains et suisses. Notre engagement en mati\u00e8re de transparence est au c\u0153ur de notre mission caritative, guidant chaque facette de notre travail et garantissant la confiance et la responsabilit\u00e9 qui sous-tendent nos efforts. John Shmorhun , un Am\u00e9ricain d&rsquo;origine ukrainienne, est [&hellip;]<\/p>\n","protected":false},"author":19,"featured_media":0,"parent":0,"menu_order":0,"comment_status":"closed","ping_status":"closed","template":"","meta":{"_acf_changed":false,"give_campaign_id":0,"footnotes":""},"class_list":["post-15553","page","type-page","status-publish","hentry","wpbf-post"],"acf":[],"campaignId":"","_links":{"self":[{"href":"https:\/\/moveukraine.org\/fr\/index.php\/wp-json\/wp\/v2\/pages\/15553","targetHints":{"allow":["GET"]}}],"collection":[{"href":"https:\/\/moveukraine.org\/fr\/index.php\/wp-json\/wp\/v2\/pages"}],"about":[{"href":"https:\/\/moveukraine.org\/fr\/index.php\/wp-json\/wp\/v2\/types\/page"}],"author":[{"embeddable":true,"href":"https:\/\/moveukraine.org\/fr\/index.php\/wp-json\/wp\/v2\/users\/19"}],"replies":[{"embeddable":true,"href":"https:\/\/moveukraine.org\/fr\/index.php\/wp-json\/wp\/v2\/comments?post=15553"}],"version-history":[{"count":11,"href":"https:\/\/moveukraine.org\/fr\/index.php\/wp-json\/wp\/v2\/pages\/15553\/revisions"}],"predecessor-version":[{"id":21104,"href":"https:\/\/moveukraine.org\/fr\/index.php\/wp-json\/wp\/v2\/pages\/15553\/revisions\/21104"}],"wp:attachment":[{"href":"https:\/\/moveukraine.org\/fr\/index.php\/wp-json\/wp\/v2\/media?parent=15553"}],"curies":[{"name":"wp","href":"https:\/\/api.w.org\/{rel}","templated":true}]}}