{"id":16077,"date":"2024-02-19T13:06:01","date_gmt":"2024-02-19T13:06:01","guid":{"rendered":"https:\/\/moveukraine.org\/special-initiatives\/"},"modified":"2025-09-25T19:34:56","modified_gmt":"2025-09-25T19:34:56","slug":"special-initiatives","status":"publish","type":"page","link":"https:\/\/moveukraine.org\/fr\/index.php\/special-initiatives\/","title":{"rendered":"Initiatives sp\u00e9ciales"},"content":{"rendered":"\n<h1>\n\t\t\tNos initiatives\t<\/h1>\n\t<p>Les personnes d\u00e9plac\u00e9es ont vu leurs maisons d\u00e9truites et n&rsquo;ont d&rsquo;autre choix que de dormir dans des abris temporaires pour rester dans le pays qu&rsquo;elles aiment.Displaced people have seen their homes destroyed and have no choice but to sleep in temporary shelters to stay in the country they love.<\/p>\n\t\t\t\t<img decoding=\"async\" src=\"https:\/\/moveukraine.org\/wp-content\/uploads\/2025\/06\/map-eng-scaled.png\" alt=\"map-eng\" itemprop=\"image\" height=\"1146\" width=\"2560\" title=\"map-eng\" onerror=\"this.style.display='none'\" loading=\"lazy\" \/>\n\t<meta itemscope itemprop=\"mainEntityOfPage\" itemtype=\"https:\/\/schema.org\/WebPage\" itemid=\"https:\/\/moveukraine.org\/fr\/index.php\/les-jardins-de-la-victoire-jardins-du-renouveau\/\" content=\"Les jardins de la victoire - Jardins du renouveau\" \/><meta itemprop=\"datePublished\" content=\"2025-09-01\" \/><meta itemprop=\"dateModified\" content=\"2025-09-24\" \/><meta itemprop=\"name\" content=\"MoveUkraine.org\"\/><meta itemprop=\"url\" content=\"https:\/\/moveukraine.org\/wp-content\/uploads\/2023\/07\/cropped-moveukraine-logo-1.png\"\/><meta itemprop=\"url\" content=\"https:\/\/moveukraine.org\/fr\/index.php\/author\/iryna\/\" \/><meta itemprop=\"name\" content=\"Iryna Kravchenko\" \/><meta itemprop=\"url\" content=\"https:\/\/moveukraine.org\/wp-content\/uploads\/2025\/09\/img-20240414-wa0005.jpg\" \/><meta itemprop=\"width\" content=\"1200\" \/><meta itemprop=\"height\" content=\"1600\" \/><meta itemprop=\"interactionType\" content=\"https:\/\/schema.org\/CommentAction\" \/><meta itemprop=\"userInteractionCount\" content=\"0\" \/>\n\t\t<img width=\"768\" height=\"1024\" src=\"https:\/\/moveukraine.org\/wp-content\/uploads\/2025\/09\/img-20240414-wa0005-768x1024.jpg\" alt=\"\" itemprop=\"image\" decoding=\"async\" loading=\"lazy\" srcset=\"https:\/\/moveukraine.org\/wp-content\/uploads\/2025\/09\/img-20240414-wa0005-768x1024.jpg 768w, https:\/\/moveukraine.org\/wp-content\/uploads\/2025\/09\/img-20240414-wa0005-225x300.jpg 225w, https:\/\/moveukraine.org\/wp-content\/uploads\/2025\/09\/img-20240414-wa0005-1152x1536.jpg 1152w, https:\/\/moveukraine.org\/wp-content\/uploads\/2025\/09\/img-20240414-wa0005.jpg 1200w\" sizes=\"auto, (max-width: 768px) 100vw, 768px\" \/>\n\t<h3><a href='https:\/\/moveukraine.org\/fr\/index.php\/les-jardins-de-la-victoire-jardins-du-renouveau\/' title='Les jardins de la victoire - Jardins du renouveau'>Les jardins de la victoire &#8211; Jardins du renouveau<\/a><\/h3>\n\t\tEn cours\n\t<meta itemscope itemprop=\"mainEntityOfPage\" itemtype=\"https:\/\/schema.org\/WebPage\" itemid=\"https:\/\/moveukraine.org\/fr\/index.php\/dental-health-program-sumy\/\" content=\"Programme de sant\u00e9 dentaire (Sumy)\" \/><meta itemprop=\"datePublished\" content=\"2025-06-11\" \/><meta itemprop=\"dateModified\" content=\"2025-08-22\" \/><meta itemprop=\"name\" content=\"MoveUkraine.org\"\/><meta itemprop=\"url\" content=\"https:\/\/moveukraine.org\/wp-content\/uploads\/2023\/07\/cropped-moveukraine-logo-1.png\"\/><meta itemprop=\"url\" content=\"https:\/\/moveukraine.org\/fr\/index.php\/author\/iryna\/\" \/><meta itemprop=\"name\" content=\"Iryna Kravchenko\" \/><meta itemprop=\"url\" content=\"https:\/\/moveukraine.org\/wp-content\/uploads\/2025\/06\/whatsapp-image-2025-06-09-at-16.31.35.jpeg\" \/><meta itemprop=\"width\" content=\"963\" \/><meta itemprop=\"height\" content=\"1280\" \/><meta itemprop=\"interactionType\" content=\"https:\/\/schema.org\/CommentAction\" \/><meta itemprop=\"userInteractionCount\" content=\"0\" \/>\n\t\t<img width=\"770\" height=\"1024\" src=\"https:\/\/moveukraine.org\/wp-content\/uploads\/2025\/06\/whatsapp-image-2025-06-09-at-16.31.35-770x1024.jpeg\" alt=\"\" itemprop=\"image\" decoding=\"async\" loading=\"lazy\" srcset=\"https:\/\/moveukraine.org\/wp-content\/uploads\/2025\/06\/whatsapp-image-2025-06-09-at-16.31.35-770x1024.jpeg 770w, https:\/\/moveukraine.org\/wp-content\/uploads\/2025\/06\/whatsapp-image-2025-06-09-at-16.31.35-226x300.jpeg 226w, https:\/\/moveukraine.org\/wp-content\/uploads\/2025\/06\/whatsapp-image-2025-06-09-at-16.31.35-768x1021.jpeg 768w, https:\/\/moveukraine.org\/wp-content\/uploads\/2025\/06\/whatsapp-image-2025-06-09-at-16.31.35.jpeg 963w\" sizes=\"auto, (max-width: 770px) 100vw, 770px\" \/>\n\t<h3><a href='https:\/\/moveukraine.org\/fr\/index.php\/dental-health-program-sumy\/' title='Programme de sant\u00e9 dentaire (Sumy)'>Programme de sant\u00e9 dentaire (Sumy)<\/a><\/h3>\n    <h4>\u0414\u0430\u0442\u0430 \u0437\u0430\u0432\u0435\u0440\u0448\u0435\u043d\u043d\u044f: juillet, 2025\n    <\/h4>\n\t\tCompl\u00e9t\u00e9\n\t<meta itemscope itemprop=\"mainEntityOfPage\" itemtype=\"https:\/\/schema.org\/WebPage\" itemid=\"https:\/\/moveukraine.org\/fr\/index.php\/muse_pet-aide-aux-animaux-projet-n1-phase_1\/\" content=\"MUSE_PET (aide aux animaux).Projet N\u00b01 (Phase_1)\" \/><meta itemprop=\"datePublished\" content=\"2025-01-09\" \/><meta itemprop=\"dateModified\" content=\"2025-08-22\" \/><meta itemprop=\"name\" content=\"MoveUkraine.org\"\/><meta itemprop=\"url\" content=\"https:\/\/moveukraine.org\/wp-content\/uploads\/2023\/07\/cropped-moveukraine-logo-1.png\"\/><meta itemprop=\"url\" content=\"https:\/\/moveukraine.org\/fr\/index.php\/author\/iryna\/\" \/><meta itemprop=\"name\" content=\"Iryna Kravchenko\" \/><meta itemprop=\"url\" content=\"https:\/\/moveukraine.org\/wp-content\/uploads\/2025\/01\/photo_2024-11-09_15-55-27.jpg\" \/><meta itemprop=\"width\" content=\"960\" \/><meta itemprop=\"height\" content=\"1280\" \/><meta itemprop=\"interactionType\" content=\"https:\/\/schema.org\/CommentAction\" \/><meta itemprop=\"userInteractionCount\" content=\"0\" \/>\n\t\t<img width=\"768\" height=\"1024\" src=\"https:\/\/moveukraine.org\/wp-content\/uploads\/2025\/01\/photo_2024-11-09_15-55-27-768x1024.jpg\" alt=\"\" itemprop=\"image\" decoding=\"async\" loading=\"lazy\" srcset=\"https:\/\/moveukraine.org\/wp-content\/uploads\/2025\/01\/photo_2024-11-09_15-55-27-768x1024.jpg 768w, https:\/\/moveukraine.org\/wp-content\/uploads\/2025\/01\/photo_2024-11-09_15-55-27-225x300.jpg 225w, https:\/\/moveukraine.org\/wp-content\/uploads\/2025\/01\/photo_2024-11-09_15-55-27.jpg 960w\" sizes=\"auto, (max-width: 768px) 100vw, 768px\" \/>\n\t<h3><a href='https:\/\/moveukraine.org\/fr\/index.php\/muse_pet-aide-aux-animaux-projet-n1-phase_1\/' title='MUSE_PET (aide aux animaux).Projet N\u00b01 (Phase_1)'>MUSE_PET (aide aux animaux).Projet N\u00b01 (Phase_1)<\/a><\/h3>\n    <h4>\u0414\u0430\u0442\u0430 \u0437\u0430\u0432\u0435\u0440\u0448\u0435\u043d\u043d\u044f: septembre, 2025\n    <\/h4>\n\t\tEn cours\n\t<meta itemscope itemprop=\"mainEntityOfPage\" itemtype=\"https:\/\/schema.org\/WebPage\" itemid=\"https:\/\/moveukraine.org\/fr\/index.php\/programme-de-sante-dentaire-poltava\/\" content=\"Programme de sant\u00e9 dentaire (Poltava)\" \/><meta itemprop=\"datePublished\" content=\"2024-09-25\" \/><meta itemprop=\"dateModified\" content=\"2025-06-11\" \/><meta itemprop=\"name\" content=\"MoveUkraine.org\"\/><meta itemprop=\"url\" content=\"https:\/\/moveukraine.org\/wp-content\/uploads\/2023\/07\/cropped-moveukraine-logo-1.png\"\/><meta itemprop=\"url\" content=\"https:\/\/moveukraine.org\/fr\/index.php\/author\/iryna\/\" \/><meta itemprop=\"name\" content=\"Iryna Kravchenko\" \/><meta itemprop=\"url\" content=\"https:\/\/moveukraine.org\/wp-content\/uploads\/2024\/09\/photo-2024-09-19-15-22-10.jpg\" \/><meta itemprop=\"width\" content=\"1280\" \/><meta itemprop=\"height\" content=\"960\" \/><meta itemprop=\"interactionType\" content=\"https:\/\/schema.org\/CommentAction\" \/><meta itemprop=\"userInteractionCount\" content=\"0\" \/>\n\t\t<img width=\"1024\" height=\"768\" src=\"https:\/\/moveukraine.org\/wp-content\/uploads\/2024\/09\/photo-2024-09-19-15-22-10-1024x768.jpg\" alt=\"\" itemprop=\"image\" decoding=\"async\" loading=\"lazy\" srcset=\"https:\/\/moveukraine.org\/wp-content\/uploads\/2024\/09\/photo-2024-09-19-15-22-10-1024x768.jpg 1024w, https:\/\/moveukraine.org\/wp-content\/uploads\/2024\/09\/photo-2024-09-19-15-22-10-300x225.jpg 300w, https:\/\/moveukraine.org\/wp-content\/uploads\/2024\/09\/photo-2024-09-19-15-22-10-768x576.jpg 768w, https:\/\/moveukraine.org\/wp-content\/uploads\/2024\/09\/photo-2024-09-19-15-22-10.jpg 1280w\" sizes=\"auto, (max-width: 1024px) 100vw, 1024px\" \/>\n\t<h3><a href='https:\/\/moveukraine.org\/fr\/index.php\/programme-de-sante-dentaire-poltava\/' title='Programme de sant\u00e9 dentaire (Poltava)'>Programme de sant\u00e9 dentaire (Poltava)<\/a><\/h3>\n    <h4>\u0414\u0430\u0442\u0430 \u0437\u0430\u0432\u0435\u0440\u0448\u0435\u043d\u043d\u044f: avril, 2025\n    <\/h4>\n\t\tCompl\u00e9t\u00e9\n\t<meta itemscope itemprop=\"mainEntityOfPage\" itemtype=\"https:\/\/schema.org\/WebPage\" itemid=\"https:\/\/moveukraine.org\/fr\/index.php\/programme-dophtalmologie\/\" content=\"Programme d&rsquo;ophtalmologie\" \/><meta itemprop=\"datePublished\" content=\"2024-03-11\" \/><meta itemprop=\"dateModified\" content=\"2025-06-11\" \/><meta itemprop=\"name\" content=\"MoveUkraine.org\"\/><meta itemprop=\"url\" content=\"https:\/\/moveukraine.org\/wp-content\/uploads\/2023\/07\/cropped-moveukraine-logo-1.png\"\/><meta itemprop=\"url\" content=\"https:\/\/moveukraine.org\/fr\/index.php\/author\/iryna\/\" \/><meta itemprop=\"name\" content=\"Iryna Kravchenko\" \/><meta itemprop=\"url\" content=\"https:\/\/moveukraine.org\/wp-content\/uploads\/2024\/03\/photo_2024-03-11_18-14-40.jpg\" \/><meta itemprop=\"width\" content=\"914\" \/><meta itemprop=\"height\" content=\"1280\" \/><meta itemprop=\"interactionType\" content=\"https:\/\/schema.org\/CommentAction\" \/><meta itemprop=\"userInteractionCount\" content=\"0\" \/>\n\t\t<img width=\"731\" height=\"1024\" src=\"https:\/\/moveukraine.org\/wp-content\/uploads\/2024\/03\/photo_2024-03-11_18-14-40-731x1024.jpg\" alt=\"\" itemprop=\"image\" decoding=\"async\" loading=\"lazy\" srcset=\"https:\/\/moveukraine.org\/wp-content\/uploads\/2024\/03\/photo_2024-03-11_18-14-40-731x1024.jpg 731w, https:\/\/moveukraine.org\/wp-content\/uploads\/2024\/03\/photo_2024-03-11_18-14-40-214x300.jpg 214w, https:\/\/moveukraine.org\/wp-content\/uploads\/2024\/03\/photo_2024-03-11_18-14-40-768x1076.jpg 768w, https:\/\/moveukraine.org\/wp-content\/uploads\/2024\/03\/photo_2024-03-11_18-14-40.jpg 914w\" sizes=\"auto, (max-width: 731px) 100vw, 731px\" \/>\n\t<h3><a href='https:\/\/moveukraine.org\/fr\/index.php\/programme-dophtalmologie\/' title='Programme d&rsquo;ophtalmologie'>Programme d&rsquo;ophtalmologie<\/a><\/h3>\n    <h4>\u0414\u0430\u0442\u0430 \u0437\u0430\u0432\u0435\u0440\u0448\u0435\u043d\u043d\u044f: mai, 2025\n    <\/h4>\n\t\tCompl\u00e9t\u00e9\n\t<meta itemscope itemprop=\"mainEntityOfPage\" itemtype=\"https:\/\/schema.org\/WebPage\" itemid=\"https:\/\/moveukraine.org\/fr\/index.php\/programme-de-sante-dentaire-region-divano-frankivsk\/\" content=\"Programme de sant\u00e9 dentaire (r\u00e9gion d&rsquo;Ivano-Frankivsk)\" \/><meta itemprop=\"datePublished\" content=\"2023-12-01\" \/><meta itemprop=\"dateModified\" content=\"2025-02-11\" \/><meta itemprop=\"name\" content=\"MoveUkraine.org\"\/><meta itemprop=\"url\" content=\"https:\/\/moveukraine.org\/wp-content\/uploads\/2023\/07\/cropped-moveukraine-logo-1.png\"\/><meta itemprop=\"url\" content=\"https:\/\/moveukraine.org\/fr\/index.php\/author\/iryna\/\" \/><meta itemprop=\"name\" content=\"Iryna Kravchenko\" \/><meta itemprop=\"url\" content=\"https:\/\/moveukraine.org\/wp-content\/uploads\/2023\/12\/golovne-1.jpg\" \/><meta itemprop=\"width\" content=\"1024\" \/><meta itemprop=\"height\" content=\"768\" \/><meta itemprop=\"interactionType\" content=\"https:\/\/schema.org\/CommentAction\" \/><meta itemprop=\"userInteractionCount\" content=\"0\" \/>\n\t\t<img width=\"1024\" height=\"768\" src=\"https:\/\/moveukraine.org\/wp-content\/uploads\/2023\/12\/golovne-1.jpg\" alt=\"\" itemprop=\"image\" decoding=\"async\" loading=\"lazy\" srcset=\"https:\/\/moveukraine.org\/wp-content\/uploads\/2023\/12\/golovne-1.jpg 1024w, https:\/\/moveukraine.org\/wp-content\/uploads\/2023\/12\/golovne-1-300x225.jpg 300w, https:\/\/moveukraine.org\/wp-content\/uploads\/2023\/12\/golovne-1-768x576.jpg 768w\" sizes=\"auto, (max-width: 1024px) 100vw, 1024px\" \/>\n\t<h3><a href='https:\/\/moveukraine.org\/fr\/index.php\/programme-de-sante-dentaire-region-divano-frankivsk\/' title='Programme de sant\u00e9 dentaire (r\u00e9gion d&rsquo;Ivano-Frankivsk)'>Programme de sant\u00e9 dentaire (r\u00e9gion d&rsquo;Ivano-Frankivsk)<\/a><\/h3>\n    <h4>\u0414\u0430\u0442\u0430 \u0437\u0430\u0432\u0435\u0440\u0448\u0435\u043d\u043d\u044f: octobre, 2024\n    <\/h4>\n\t\tCompl\u00e9t\u00e9\n\t<meta itemscope itemprop=\"mainEntityOfPage\" itemtype=\"https:\/\/schema.org\/WebPage\" itemid=\"https:\/\/moveukraine.org\/fr\/index.php\/stations-de-filtration-deau\/\" content=\"Stations de filtration d&rsquo;eau\" \/><meta itemprop=\"datePublished\" content=\"2023-10-17\" \/><meta itemprop=\"dateModified\" content=\"2025-02-12\" \/><meta itemprop=\"name\" content=\"MoveUkraine.org\"\/><meta itemprop=\"url\" content=\"https:\/\/moveukraine.org\/wp-content\/uploads\/2023\/07\/cropped-moveukraine-logo-1.png\"\/><meta itemprop=\"url\" content=\"https:\/\/moveukraine.org\/fr\/index.php\/author\/iryna\/\" \/><meta itemprop=\"name\" content=\"Iryna Kravchenko\" \/><meta itemprop=\"url\" content=\"https:\/\/moveukraine.org\/wp-content\/uploads\/2023\/10\/purification-station-ready-to-sent.jpg\" \/><meta itemprop=\"width\" content=\"1600\" \/><meta itemprop=\"height\" content=\"900\" \/><meta itemprop=\"interactionType\" content=\"https:\/\/schema.org\/CommentAction\" \/><meta itemprop=\"userInteractionCount\" content=\"0\" \/>\n\t\t<img width=\"1024\" height=\"576\" src=\"https:\/\/moveukraine.org\/wp-content\/uploads\/2023\/10\/purification-station-ready-to-sent-1024x576.jpg\" alt=\"\" itemprop=\"image\" decoding=\"async\" loading=\"lazy\" srcset=\"https:\/\/moveukraine.org\/wp-content\/uploads\/2023\/10\/purification-station-ready-to-sent-1024x576.jpg 1024w, https:\/\/moveukraine.org\/wp-content\/uploads\/2023\/10\/purification-station-ready-to-sent-300x169.jpg 300w, https:\/\/moveukraine.org\/wp-content\/uploads\/2023\/10\/purification-station-ready-to-sent-768x432.jpg 768w, https:\/\/moveukraine.org\/wp-content\/uploads\/2023\/10\/purification-station-ready-to-sent-1536x864.jpg 1536w, https:\/\/moveukraine.org\/wp-content\/uploads\/2023\/10\/purification-station-ready-to-sent.jpg 1600w\" sizes=\"auto, (max-width: 1024px) 100vw, 1024px\" \/>\n\t<h3><a href='https:\/\/moveukraine.org\/fr\/index.php\/stations-de-filtration-deau\/' title='Stations de filtration d&rsquo;eau'>Stations de filtration d&rsquo;eau<\/a><\/h3>\n    <h4>\u0414\u0430\u0442\u0430 \u0437\u0430\u0432\u0435\u0440\u0448\u0435\u043d\u043d\u044f: ao\u00fbt, 2023\n    <\/h4>\n\t\tcompl\u00e9t\u00e9\n\t<meta itemscope itemprop=\"mainEntityOfPage\" itemtype=\"https:\/\/schema.org\/WebPage\" itemid=\"https:\/\/moveukraine.org\/fr\/index.php\/kidskonnectukraine-2\/\" content=\"KidsKonnectUkraine\" \/><meta itemprop=\"datePublished\" content=\"2023-09-27\" \/><meta itemprop=\"dateModified\" content=\"2025-09-09\" \/><meta itemprop=\"name\" content=\"MoveUkraine.org\"\/><meta itemprop=\"url\" content=\"https:\/\/moveukraine.org\/wp-content\/uploads\/2023\/07\/cropped-moveukraine-logo-1.png\"\/><meta itemprop=\"url\" content=\"https:\/\/moveukraine.org\/fr\/index.php\/author\/muadmin\/\" \/><meta itemprop=\"name\" content=\"MUadmin\" \/><meta itemprop=\"url\" content=\"https:\/\/moveukraine.org\/wp-content\/uploads\/2022\/12\/img_1659-scaled.jpg\" \/><meta itemprop=\"width\" content=\"2560\" \/><meta itemprop=\"height\" content=\"1550\" \/><meta itemprop=\"interactionType\" content=\"https:\/\/schema.org\/CommentAction\" \/><meta itemprop=\"userInteractionCount\" content=\"0\" \/>\n\t\t<img width=\"1024\" height=\"620\" src=\"https:\/\/moveukraine.org\/wp-content\/uploads\/2022\/12\/img_1659-scaled-1024x620.jpg\" alt=\"\" itemprop=\"image\" decoding=\"async\" loading=\"lazy\" srcset=\"https:\/\/moveukraine.org\/wp-content\/uploads\/2022\/12\/img_1659-scaled-1024x620.jpg 1024w, https:\/\/moveukraine.org\/wp-content\/uploads\/2022\/12\/img_1659-scaled-300x182.jpg 300w, https:\/\/moveukraine.org\/wp-content\/uploads\/2022\/12\/img_1659-scaled-768x465.jpg 768w, https:\/\/moveukraine.org\/wp-content\/uploads\/2022\/12\/img_1659-scaled-1536x930.jpg 1536w, https:\/\/moveukraine.org\/wp-content\/uploads\/2022\/12\/img_1659-scaled-2048x1240.jpg 2048w\" sizes=\"auto, (max-width: 1024px) 100vw, 1024px\" \/>\n\t<h3><a href='https:\/\/moveukraine.org\/fr\/index.php\/kidskonnectukraine-2\/' title='KidsKonnectUkraine'>KidsKonnectUkraine<\/a><\/h3>\n\t\tEn cours\n\n","protected":false},"excerpt":{"rendered":"<p>Nos initiatives Les personnes d\u00e9plac\u00e9es ont vu leurs maisons d\u00e9truites et n&rsquo;ont d&rsquo;autre choix que de dormir dans des abris temporaires pour rester dans le pays qu&rsquo;elles aiment.Displaced people have seen their homes destroyed and have no choice but to sleep in temporary shelters to stay in the country they love. Les jardins de la [&hellip;]<\/p>\n","protected":false},"author":19,"featured_media":0,"parent":0,"menu_order":0,"comment_status":"closed","ping_status":"closed","template":"","meta":{"_acf_changed":false,"give_campaign_id":0,"footnotes":""},"class_list":["post-16077","page","type-page","status-publish","hentry","wpbf-post"],"acf":[],"campaignId":"","_links":{"self":[{"href":"https:\/\/moveukraine.org\/fr\/index.php\/wp-json\/wp\/v2\/pages\/16077","targetHints":{"allow":["GET"]}}],"collection":[{"href":"https:\/\/moveukraine.org\/fr\/index.php\/wp-json\/wp\/v2\/pages"}],"about":[{"href":"https:\/\/moveukraine.org\/fr\/index.php\/wp-json\/wp\/v2\/types\/page"}],"author":[{"embeddable":true,"href":"https:\/\/moveukraine.org\/fr\/index.php\/wp-json\/wp\/v2\/users\/19"}],"replies":[{"embeddable":true,"href":"https:\/\/moveukraine.org\/fr\/index.php\/wp-json\/wp\/v2\/comments?post=16077"}],"version-history":[{"count":4,"href":"https:\/\/moveukraine.org\/fr\/index.php\/wp-json\/wp\/v2\/pages\/16077\/revisions"}],"predecessor-version":[{"id":19544,"href":"https:\/\/moveukraine.org\/fr\/index.php\/wp-json\/wp\/v2\/pages\/16077\/revisions\/19544"}],"wp:attachment":[{"href":"https:\/\/moveukraine.org\/fr\/index.php\/wp-json\/wp\/v2\/media?parent=16077"}],"curies":[{"name":"wp","href":"https:\/\/api.w.org\/{rel}","templated":true}]}}