{"id":16108,"date":"2023-08-18T09:56:37","date_gmt":"2023-08-18T09:56:37","guid":{"rendered":"https:\/\/moveukraine.org\/page-de-dons\/"},"modified":"2026-04-01T09:36:55","modified_gmt":"2026-04-01T09:36:55","slug":"page-de-dons","status":"publish","type":"page","link":"https:\/\/moveukraine.org\/fr\/index.php\/page-de-dons\/","title":{"rendered":"Page de dons"},"content":{"rendered":"\n<figure itemscope itemtype=\"https:\/\/schema.org\/ImageObject\">\n\t\t\t\t<img decoding=\"async\" src=\"https:\/\/moveukraine.org\/wp-content\/uploads\/2024\/06\/img_7006.jpg\" alt=\"IMG_7006\" height=\"852\" width=\"1280\" title=\"IMG_7006\" onerror=\"this.style.display='none'\" loading=\"lazy\" \/>\n\t<\/figure>\n<h1>\n\t\t\tEnsemble, faisons bouger l&rsquo;Ukraine : soutenez nos projets\t<\/h1>\n\t<p>Nous construisons des logements sociaux et r\u00e9novons des locaux inutilis\u00e9s cl\u00e9 en main, cr\u00e9ant des logements s\u00fbrs et confortables pour les personnes d\u00e9plac\u00e9es \u00e0 l&rsquo;int\u00e9rieur du pays (PDI) qui ont tout perdu pendant la guerre. Aussi, notre nouvelle orientation en 2024 est la cr\u00e9ation de centres de r\u00e9adaptation pour les v\u00e9t\u00e9rans et les personnes handicap\u00e9es.<\/p>\n<p>Le changement commence par un choix. Faites votre choix aujourd&rsquo;hui : transf\u00e9rez votre aide financi\u00e8re \u00e0 <strong>MoveUkraine.<\/strong><\/p>\n<figure itemscope itemtype=\"https:\/\/schema.org\/ImageObject\">\n\t\t\t\t<img decoding=\"async\" src=\"https:\/\/moveukraine.org\/wp-content\/uploads\/2026\/03\/donate_portrait_grey_fr.svg\" alt=\"donate_portrait_grey_FR\" title=\"donate_portrait_grey_FR\" onerror=\"this.style.display='none'\" loading=\"lazy\" \/>\n\t<\/figure>\n\t<p>Merci de faire partie de cet incroyable voyage de transformation !<\/p>\n\t<div class='root-data-givewp-embed' data-form-locale='fr_FR' data-form-url='https:\/\/moveukraine.org\/?post_type=give_forms&amp;p=17317' data-form-view-url='https:\/\/moveukraine.org\/fr\/?givewp-route=donation-form-view&amp;form-id=17317' data-src='https:\/\/moveukraine.org\/fr\/?givewp-route=donation-form-view&amp;form-id=17317' data-givewp-embed-id='give-form-shortcode-1' data-form-format='' data-open-form-button='Faire un don maintenant' style='--givewp-primary-color: #005bbb; --givewp-secondary-color: #F1BB40;'><\/div>\n\t<p>Autres types de dons alternatifs<\/p>\n\t\t\t<a href=\"https:\/\/moveukraine.org\/donation-alternatives\/\"  target=\"_self\">\n\t\t\t\t\t\t\tAller \u00e0 la page\n\t\t\t\t\t<\/a>\n\n","protected":false},"excerpt":{"rendered":"<p>Ensemble, faisons bouger l&rsquo;Ukraine : soutenez nos projets Nous construisons des logements sociaux et r\u00e9novons des locaux inutilis\u00e9s cl\u00e9 en main, cr\u00e9ant des logements s\u00fbrs et confortables pour les personnes d\u00e9plac\u00e9es \u00e0 l&rsquo;int\u00e9rieur du pays (PDI) qui ont tout perdu pendant la guerre. Aussi, notre nouvelle orientation en 2024 est la cr\u00e9ation de centres de [&hellip;]<\/p>\n","protected":false},"author":19,"featured_media":0,"parent":0,"menu_order":0,"comment_status":"closed","ping_status":"closed","template":"","meta":{"_acf_changed":false,"give_campaign_id":0,"footnotes":""},"class_list":["post-16108","page","type-page","status-publish","hentry","wpbf-post"],"acf":[],"campaignId":"","_links":{"self":[{"href":"https:\/\/moveukraine.org\/fr\/index.php\/wp-json\/wp\/v2\/pages\/16108","targetHints":{"allow":["GET"]}}],"collection":[{"href":"https:\/\/moveukraine.org\/fr\/index.php\/wp-json\/wp\/v2\/pages"}],"about":[{"href":"https:\/\/moveukraine.org\/fr\/index.php\/wp-json\/wp\/v2\/types\/page"}],"author":[{"embeddable":true,"href":"https:\/\/moveukraine.org\/fr\/index.php\/wp-json\/wp\/v2\/users\/19"}],"replies":[{"embeddable":true,"href":"https:\/\/moveukraine.org\/fr\/index.php\/wp-json\/wp\/v2\/comments?post=16108"}],"version-history":[{"count":8,"href":"https:\/\/moveukraine.org\/fr\/index.php\/wp-json\/wp\/v2\/pages\/16108\/revisions"}],"predecessor-version":[{"id":21547,"href":"https:\/\/moveukraine.org\/fr\/index.php\/wp-json\/wp\/v2\/pages\/16108\/revisions\/21547"}],"wp:attachment":[{"href":"https:\/\/moveukraine.org\/fr\/index.php\/wp-json\/wp\/v2\/media?parent=16108"}],"curies":[{"name":"wp","href":"https:\/\/api.w.org\/{rel}","templated":true}]}}