{"id":16117,"date":"2023-07-24T08:16:59","date_gmt":"2023-07-24T08:16:59","guid":{"rendered":"https:\/\/moveukraine.org\/moveukraine-accueil-fr\/"},"modified":"2026-02-23T13:28:04","modified_gmt":"2026-02-23T13:28:04","slug":"moveukraine-accueil-fr","status":"publish","type":"page","link":"https:\/\/moveukraine.org\/fr\/","title":{"rendered":"MoveUkraine Accueil FR"},"content":{"rendered":"\n\n\t\t\t<img decoding=\"async\" loading=\"false\" src=\"https:\/\/moveukraine.org\/wp-content\/uploads\/2026\/02\/map-eng.png\" alt=\"\" \/>\t\t\t\n\t\t\t\t<h2>Construire des logements et reconstruire la vie des Ukrainiens touch\u00e9s par la guerre, notamment des centres de r\u00e9adaptation pour les anciens combattants et les civils<\/h2><p><a href=\"https:\/\/moveukraine.org\/fr\/index.php\/nos-projets\/\">Voir les projets<\/a><\/p>\n\t\t\t<img decoding=\"async\" loading=\"lazy\" src=\"https:\/\/moveukraine.org\/wp-content\/uploads\/2025\/07\/photo_2025-07-17_11-46-44.jpg\" alt=\"\" \/>\t\t\t\n\t\t\t\t<h2>Nous redonnons espoir en cr\u00e9ant des centres de r\u00e9adaptation pour les Ukrainiens touch\u00e9s par la guerre<\/h2><p><a href=\"https:\/\/moveukraine.org\/fr\/index.php\/page-de-dons\/\">Faire un don<\/a><\/p>\n\t\t\t<img decoding=\"async\" loading=\"lazy\" src=\"https:\/\/moveukraine.org\/wp-content\/uploads\/2025\/01\/unicenter.jpeg\" alt=\"\" \/>\t\t\t\n\t\t\t\t<h2>Nous cr\u00e9ons des logements sociaux d\u00e9cents pour les Ukrainiens d\u00e9plac\u00e9s \u00e0 l&rsquo;int\u00e9rieur du pays qui ont perdu leur maison<\/h2><p><a href=\"https:\/\/moveukraine.org\/fr\/index.php\/page-de-dons\/\">Faire un don<\/a><\/p>\n\t\t\t<img decoding=\"async\" loading=\"lazy\" src=\"https:\/\/moveukraine.org\/wp-content\/uploads\/2025\/06\/sl-4_2.jpg\" alt=\"\" \/>\t\t\t\n\t\t\t\t<h2>D\u00e9couvrez l&rsquo;\u00e9quipe de MoveUkraine, qui chaque jour cr\u00e9e le changement et redonne espoir<\/h2><p><a href=\"https:\/\/moveukraine.org\/fr\/index.php\/propos-de-nous\/\">Apprendre encore plus<\/a><\/p>\n\t\t\t<img decoding=\"async\" loading=\"lazy\" src=\"https:\/\/moveukraine.org\/wp-content\/uploads\/2025\/07\/photo_2025-07-17_11-46-44-2.jpg\" alt=\"\" \/>\t\t\t\n\t\t\t\t<h2>Restez inform\u00e9 des derni\u00e8res nouvelles, mises \u00e0 jour et explorez les rapports perspicaces de MoveUkraine<\/h2><p><a href=\"https:\/\/moveukraine.org\/fr\/index.php\/mises-a-jour\/\">Apprendre encore plus<\/a><\/p>\n\t\t\t\t<a href=\"#\" aria-label=\"previous\" role=\"button\">\n<\/a>\n\t\t\t\t<a href=\"#\" aria-label=\"next\" role=\"button\">\n<\/a>\n\t<div class=\"fl-builder-content fl-builder-content-19839 fl-builder-template fl-builder-row-fr-template fl-builder-global-templates-locked\" data-post-id=\"19839\"><div class=\"fl-row fl-row-full-width fl-row-bg-none fl-node-2u7hw5jtdycs fl-row-default-height fl-row-align-center\" data-node=\"2u7hw5jtdycs\">\n\t<div class=\"fl-row-content-wrap\">\n\t\t\t\t\t\t\t\t<div class=\"fl-row-content fl-row-full-width fl-node-content\">\n\t\t\n<div class=\"fl-col-group fl-node-9hu50m1aogsb\" data-node=\"9hu50m1aogsb\">\n\t\t\t<div class=\"fl-col fl-node-6pnwh0tiuj8m fl-col-bg-color\" data-node=\"6pnwh0tiuj8m\">\n\t<div class=\"fl-col-content fl-node-content\"><div  class=\"fl-module fl-module-html fl-html fl-node-2duag8wl9pbr\" id=\"hotline\" data-node=\"2duag8wl9pbr\">\n\t<span style=\"  display: block; width: 100%; max-width: 100%; box-sizing: border-box; color: white; background: #5d9ce9; border: 1px solid #ffdbac; font-family: Arial, sans-serif; padding: 8px 3vw 8px 3vw; margin-top: 0 auto; text-align: center; font-size: 1em; line-height: 1.5;  \"><strong>\n Ligne d\u2019assistance pour les PDI :\n<a href=\"tel:1548\" style=\"color: inherit; text-decoration: none;\">1548,<\/a>\n<a href=\"tel:+380960788433\" style=\"color: inherit; text-decoration: none;\">+38 (096) 078 84 33<\/a>\n(WhatsApp, Telegram, Viber)\n<\/strong><\/span><\/div>\n<\/div>\n<\/div>\n\t<\/div>\n\t\t<\/div>\n\t<\/div>\n<\/div>\n<\/div><div class=\"uabb-js-breakpoint\" style=\"display: none;\"><\/div>\n\t    <ul class=\"page-links\">\n       \n\t\t\n\t\t\n\t\t<li class=\"page-links__item\">\n            <a href=\"\/our-projects\/?project_type=54\">\n                <p>MoveUkraine<\/p>\n                <span>rehabilitation centers<\/span>\n            <\/a>\n        <\/li>\n\t\t\t\t\t\t<li class=\"page-links__item\">\n            <a href=\"\/our-projects\/?project_type=42\">\n                <p>MoveUkraine<\/p>\n                <span>homes<\/span>\n            <\/a>\n        <\/li>\n\t\t\t\t\n        <li class=\"page-links__item\">\n            <a href=\"\/our-projects\/?project_type=43\">\n                <p>MoveUkraine<\/p>\n                <span>jobs<\/span>\n            <\/a>\n        <\/li>\n        <li class=\"page-links__item\">\n            <a href=\"\/our-projects\/?project_type=44\">\n                <p>MoveUkraine<\/p>\n                <span>lives<\/span>\n            <\/a>\n        <\/li>\n        <li class=\"page-links__item\">\n            <a href=\"\/special-initiatives\/\">\n                <p>Initiatives<\/p>\n            <\/a>\n        <\/li>\n        <li class=\"page-links__item\">\n            <a href=\"\/donation\/\">\n                <p>Donate<\/p>\n            <\/a>\n        <\/li>\n\t\t<!--\n\t\t<li class=\"page-links__item\">\n            <a href=\"\/our-projects\/?project_type=56\">\n                <p>MoveUkraine<\/p>\n                <span>test<\/span>\n            <\/a>\n        <\/li>\n\t\t-->\n\t\t\n\t\t\n    <\/ul>\n\n    \n\t<h1>Qui sommes-nous ? Que faisons-nous ?<\/h1>\n\t\t\t\t\t<video src=\"https:\/\/moveukraine.org\/wp-content\/uploads\/2025\/07\/vid_fr.mp4\" alt=\"hosted-video-thumbnail\"><\/video>\n\t<h2>Notre mission<\/h2>\n<ul>\n<li>Fournir aux Ukrainiens d\u00e9plac\u00e9s \u00e0 l&rsquo;int\u00e9rieur du pays des logements s\u00fbrs et d\u00e9cents, depuis les centres collectifs jusqu&rsquo;aux appartements sociaux et aux logements abordables.<\/li>\n<li>Promouvoir l&rsquo;int\u00e9gration sociale gr\u00e2ce \u00e0 divers programmes dans les domaines de la sant\u00e9, de l&rsquo;\u00e9ducation et de l&#8217;emploi.<\/li>\n<li>Construire des centres de r\u00e9habilitation communautaires et enti\u00e8rement \u00e9quip\u00e9s pour les anciens combattants et les personnes touch\u00e9es par la guerre.<\/li>\n<li>Am\u00e9liorer l&rsquo;environnement physique et les soins apport\u00e9s aux animaux domestiques abandonn\u00e9s, handicap\u00e9s et errants, dont le nombre ne cesse de cro\u00eetre.<\/li>\n<\/ul>\n<p>&nbsp;<\/p>\n<p>&nbsp;<\/p>\n\t<h2>Notre travail<\/h2>\n<ul>\n<li>Nous concevons et construisons des complexes d&rsquo;appartements sociaux et abordables et r\u00e9novons des b\u00e2timents municipaux cl\u00e9s en main, cr\u00e9ant ainsi des logements s\u00fbrs et confortables pour les personnes d\u00e9plac\u00e9es, les v\u00e9t\u00e9rans et les retrait\u00e9s.<\/li>\n<li>Nous g\u00e9rons un programme de soins dentaires pour les personnes d\u00e9plac\u00e9es et les v\u00e9t\u00e9rans, un programme de contr\u00f4le de la vue et de d\u00e9pistage du diab\u00e8te, le programme d&rsquo;\u00e9change d&rsquo;\u00e9tudiants KidsKonnectUkraine, nous soutenons les personnes d\u00e9plac\u00e9es et les v\u00e9t\u00e9rans et leur offrons des possibilit\u00e9s d&#8217;emploi.<\/li>\n<li>Nous concevons et construisons des centres de r\u00e9habilitation lumineux et accueillants, enti\u00e8rement \u00e9quip\u00e9s, pour les v\u00e9t\u00e9rans et les civils qui ont besoin de soins complets menant \u00e0 la gu\u00e9rison physique et psychologique.<\/li>\n<\/ul>\n<figure itemscope itemtype=\"https:\/\/schema.org\/ImageObject\">\n\t\t\t\t<img decoding=\"async\" src=\"https:\/\/moveukraine.org\/wp-content\/uploads\/2025\/06\/sl_b1.jpg\" alt=\"sl_b1\" height=\"922\" width=\"960\" title=\"sl_b1\" onerror=\"this.style.display='none'\" loading=\"lazy\" \/>\n\t<\/figure>\n<figure itemscope itemtype=\"https:\/\/schema.org\/ImageObject\">\n\t\t\t\t<img decoding=\"async\" src=\"https:\/\/moveukraine.org\/wp-content\/uploads\/2025\/05\/img_1741.jpg\" alt=\"IMG_1741\" height=\"1600\" width=\"910\" title=\"IMG_1741\" onerror=\"this.style.display='none'\" loading=\"lazy\" \/>\n\t<\/figure>\n<figure itemscope itemtype=\"https:\/\/schema.org\/ImageObject\">\n\t\t\t\t<img decoding=\"async\" src=\"https:\/\/moveukraine.org\/wp-content\/uploads\/2025\/07\/reel_2.jpg\" alt=\"reel_2\" height=\"682\" width=\"1024\" title=\"reel_2\" onerror=\"this.style.display='none'\" loading=\"lazy\" \/>\n\t<\/figure>\n<figure itemscope itemtype=\"https:\/\/schema.org\/ImageObject\">\n\t\t\t\t<img decoding=\"async\" src=\"https:\/\/moveukraine.org\/wp-content\/uploads\/2025\/07\/reel_4.jpg\" alt=\"reel_4\" height=\"960\" width=\"1280\" title=\"reel_4\" onerror=\"this.style.display='none'\" loading=\"lazy\" \/>\n\t<\/figure>\n\t<p>Vos fonds vont directement aux projets : construction de logements et de centres de r\u00e9habilitation pour les personnes touch\u00e9es par la guerre et qui ont besoin de votre aide<\/p>\n\t<div class='root-data-givewp-embed' data-form-locale='fr_FR' data-form-url='https:\/\/moveukraine.org\/?post_type=give_forms&amp;p=17317' data-form-view-url='https:\/\/moveukraine.org\/fr\/?givewp-route=donation-form-view&amp;form-id=17317' data-src='https:\/\/moveukraine.org\/fr\/?givewp-route=donation-form-view&amp;form-id=17317' data-givewp-embed-id='give-form-shortcode-1' data-form-format='' data-open-form-button='Faire un don maintenant' style='--givewp-primary-color: #005bbb; --givewp-secondary-color: #F1BB40;'><\/div>\n<figure itemscope itemtype=\"https:\/\/schema.org\/ImageObject\">\n\t\t\t\t<a href=\"https:\/\/moveukraine.org\/fr\/index.php\/page-de-dons\/\"  target=\"_self\" itemprop=\"url\">\n\t\t\t\t<img decoding=\"async\" src=\"https:\/\/moveukraine.org\/wp-content\/uploads\/2025\/04\/fr_qr.png\" alt=\"fr_QR\" height=\"256\" width=\"256\" title=\"fr_QR\" onerror=\"this.style.display='none'\" loading=\"lazy\" \/>\n\t\t\t\t<\/a>\n\t<\/figure>\n\t<p>Pour les alternatives de don non r\u00e9pertori\u00e9es ci-dessus, veuillez cliquer <a href=\"https:\/\/moveukraine.org\/fr\/alternatives-aux-dons\/\">ici<\/a><\/p>\n\t\t\t<div id=\"sbi_mod_error\" >\n\t\t\t<span>This error message is only visible to WordPress admins<\/span><br\/>\n\t\t\t<p><strong>Error: No connected account.<\/strong>\n\t\t\t<p>Please go to the Instagram Feed settings page to connect an account.<\/p>\n\t\t<\/div>\n\t\t\n<h1>\n\t\t\tNos actualit\u00e9s\t<\/h1>\n\t<p>Mises \u00e0 jour et efforts r\u00e9cents de notre organisation<\/p>\n\t<meta itemscope itemprop=\"mainEntityOfPage\" itemtype=\"https:\/\/schema.org\/WebPage\" itemid=\"https:\/\/moveukraine.org\/fr\/index.php\/john-shmorhun-and-patricia-shmorhun-hawrylyshyn-on-halychyna-tv-how-moveukraine-supports-ukraines-recovery\/\" content=\"John Shmorhun et Patricia Shmorhun-Hawrylyshyn sur Halychyna TV : Comment MoveUkraine soutient la reprise \u00e9conomique en Ukraine\" \/><meta itemprop=\"datePublished\" content=\"2026-02-09\" \/><meta itemprop=\"dateModified\" content=\"2026-02-09\" \/><meta itemprop=\"name\" content=\"MoveUkraine.org\"\/><meta itemprop=\"url\" content=\"https:\/\/moveukraine.org\/wp-content\/uploads\/2023\/07\/cropped-moveukraine-logo-1.png\"\/><meta itemprop=\"url\" content=\"https:\/\/moveukraine.org\/fr\/index.php\/author\/iryna\/\" \/><meta itemprop=\"name\" content=\"Iryna Kravchenko\" \/><meta itemprop=\"url\" content=\"https:\/\/moveukraine.org\/wp-content\/uploads\/2026\/02\/photo_2026-02-09_12-14-32-2.jpg\" \/><meta itemprop=\"width\" content=\"1040\" \/><meta itemprop=\"height\" content=\"555\" \/><meta itemprop=\"interactionType\" content=\"https:\/\/schema.org\/CommentAction\" \/><meta itemprop=\"userInteractionCount\" content=\"0\" \/>\n\t\t\t\t\t\t<a href='https:\/\/moveukraine.org\/fr\/index.php\/john-shmorhun-and-patricia-shmorhun-hawrylyshyn-on-halychyna-tv-how-moveukraine-supports-ukraines-recovery\/' title='John Shmorhun et Patricia Shmorhun-Hawrylyshyn sur Halychyna TV : Comment MoveUkraine soutient la reprise \u00e9conomique en Ukraine'><img width=\"1024\" height=\"546\" src=\"https:\/\/moveukraine.org\/wp-content\/uploads\/2026\/02\/photo_2026-02-09_12-14-32-2-1024x546.jpg\" alt=\"\" itemprop=\"image\" decoding=\"async\" loading=\"lazy\" srcset=\"https:\/\/moveukraine.org\/wp-content\/uploads\/2026\/02\/photo_2026-02-09_12-14-32-2-1024x546.jpg 1024w, https:\/\/moveukraine.org\/wp-content\/uploads\/2026\/02\/photo_2026-02-09_12-14-32-2-300x160.jpg 300w, https:\/\/moveukraine.org\/wp-content\/uploads\/2026\/02\/photo_2026-02-09_12-14-32-2-768x410.jpg 768w, https:\/\/moveukraine.org\/wp-content\/uploads\/2026\/02\/photo_2026-02-09_12-14-32-2.jpg 1040w\" sizes=\"auto, (max-width: 1024px) 100vw, 1024px\" \/><\/a>\n\t\t\t\t\t<h5>\n\t\t\t\t\t     f\u00e9vrier 9, 2026  \n\t\t\t\t\t\n\t\t\t\t\t<h3><a href='https:\/\/moveukraine.org\/fr\/index.php\/john-shmorhun-and-patricia-shmorhun-hawrylyshyn-on-halychyna-tv-how-moveukraine-supports-ukraines-recovery\/' title='John Shmorhun et Patricia Shmorhun-Hawrylyshyn sur Halychyna TV : Comment MoveUkraine soutient la reprise \u00e9conomique en Ukraine'>John Shmorhun et Patricia Shmorhun-Hawrylyshyn sur Halychyna TV : Comment MoveUkraine soutient la reprise \u00e9conomique en Ukraine<\/a><\/h3>\n\t<meta itemscope itemprop=\"mainEntityOfPage\" itemtype=\"https:\/\/schema.org\/WebPage\" itemid=\"https:\/\/moveukraine.org\/fr\/index.php\/un-service-de-reeducation-pediatrique-renove-mis-en-place-par-moveukraine-a-ouvert-ses-portes-a-ivano-frankivsk\/\" content=\"Un service de r\u00e9\u00e9ducation p\u00e9diatrique r\u00e9nov\u00e9, mis en place par MoveUkraine, a ouvert ses portes \u00e0 Ivano-Frankivsk\" \/><meta itemprop=\"datePublished\" content=\"2026-01-28\" \/><meta itemprop=\"dateModified\" content=\"2026-02-02\" \/><meta itemprop=\"name\" content=\"MoveUkraine.org\"\/><meta itemprop=\"url\" content=\"https:\/\/moveukraine.org\/wp-content\/uploads\/2023\/07\/cropped-moveukraine-logo-1.png\"\/><meta itemprop=\"url\" content=\"https:\/\/moveukraine.org\/fr\/index.php\/author\/iryna\/\" \/><meta itemprop=\"name\" content=\"Iryna Kravchenko\" \/><meta itemprop=\"url\" content=\"https:\/\/moveukraine.org\/wp-content\/uploads\/2026\/02\/img_1152.jpg\" \/><meta itemprop=\"width\" content=\"1280\" \/><meta itemprop=\"height\" content=\"853\" \/><meta itemprop=\"interactionType\" content=\"https:\/\/schema.org\/CommentAction\" \/><meta itemprop=\"userInteractionCount\" content=\"0\" \/>\n\t\t\t\t\t\t<a href='https:\/\/moveukraine.org\/fr\/index.php\/un-service-de-reeducation-pediatrique-renove-mis-en-place-par-moveukraine-a-ouvert-ses-portes-a-ivano-frankivsk\/' title='Un service de r\u00e9\u00e9ducation p\u00e9diatrique r\u00e9nov\u00e9, mis en place par MoveUkraine, a ouvert ses portes \u00e0 Ivano-Frankivsk'><img width=\"1024\" height=\"682\" src=\"https:\/\/moveukraine.org\/wp-content\/uploads\/2026\/02\/img_1152-1024x682.jpg\" alt=\"\" itemprop=\"image\" decoding=\"async\" loading=\"lazy\" srcset=\"https:\/\/moveukraine.org\/wp-content\/uploads\/2026\/02\/img_1152-1024x682.jpg 1024w, https:\/\/moveukraine.org\/wp-content\/uploads\/2026\/02\/img_1152-300x200.jpg 300w, https:\/\/moveukraine.org\/wp-content\/uploads\/2026\/02\/img_1152-768x512.jpg 768w, https:\/\/moveukraine.org\/wp-content\/uploads\/2026\/02\/img_1152.jpg 1280w\" sizes=\"auto, (max-width: 1024px) 100vw, 1024px\" \/><\/a>\n\t\t\t\t\t<\/h5><h5>\n\t\t\t\t\t     janvier 28, 2026  \n\t\t\t\t\t\n\t\t\t\t\t<h3><a href='https:\/\/moveukraine.org\/fr\/index.php\/un-service-de-reeducation-pediatrique-renove-mis-en-place-par-moveukraine-a-ouvert-ses-portes-a-ivano-frankivsk\/' title='Un service de r\u00e9\u00e9ducation p\u00e9diatrique r\u00e9nov\u00e9, mis en place par MoveUkraine, a ouvert ses portes \u00e0 Ivano-Frankivsk'>Un service de r\u00e9\u00e9ducation p\u00e9diatrique r\u00e9nov\u00e9, mis en place par MoveUkraine, a ouvert ses portes \u00e0 Ivano-Frankivsk<\/a><\/h3>\n\t<meta itemscope itemprop=\"mainEntityOfPage\" itemtype=\"https:\/\/schema.org\/WebPage\" itemid=\"https:\/\/moveukraine.org\/fr\/index.php\/moveukraine-ouvre-un-centre-de-rehabilitation-a-zalishchyky-dans-la-region-de-ternopil\/\" content=\"MoveUkraine ouvre un centre de r\u00e9habilitation \u00e0 Zalishchyky, dans la r\u00e9gion de Ternopil\" \/><meta itemprop=\"datePublished\" content=\"2025-12-17\" \/><meta itemprop=\"dateModified\" content=\"2025-12-18\" \/><meta itemprop=\"name\" content=\"MoveUkraine.org\"\/><meta itemprop=\"url\" content=\"https:\/\/moveukraine.org\/wp-content\/uploads\/2023\/07\/cropped-moveukraine-logo-1.png\"\/><meta itemprop=\"url\" content=\"https:\/\/moveukraine.org\/fr\/index.php\/author\/iryna\/\" \/><meta itemprop=\"name\" content=\"Iryna Kravchenko\" \/><meta itemprop=\"url\" content=\"https:\/\/moveukraine.org\/wp-content\/uploads\/2025\/07\/img_0055.jpg\" \/><meta itemprop=\"width\" content=\"1320\" \/><meta itemprop=\"height\" content=\"2322\" \/><meta itemprop=\"interactionType\" content=\"https:\/\/schema.org\/CommentAction\" \/><meta itemprop=\"userInteractionCount\" content=\"0\" \/>\n\t\t\t\t\t\t<a href='https:\/\/moveukraine.org\/fr\/index.php\/moveukraine-ouvre-un-centre-de-rehabilitation-a-zalishchyky-dans-la-region-de-ternopil\/' title='MoveUkraine ouvre un centre de r\u00e9habilitation \u00e0 Zalishchyky, dans la r\u00e9gion de Ternopil'><img width=\"582\" height=\"1024\" src=\"https:\/\/moveukraine.org\/wp-content\/uploads\/2025\/07\/img_0055-582x1024.jpg\" alt=\"\" itemprop=\"image\" decoding=\"async\" loading=\"lazy\" srcset=\"https:\/\/moveukraine.org\/wp-content\/uploads\/2025\/07\/img_0055-582x1024.jpg 582w, https:\/\/moveukraine.org\/wp-content\/uploads\/2025\/07\/img_0055-171x300.jpg 171w, https:\/\/moveukraine.org\/wp-content\/uploads\/2025\/07\/img_0055-768x1351.jpg 768w, https:\/\/moveukraine.org\/wp-content\/uploads\/2025\/07\/img_0055-873x1536.jpg 873w, https:\/\/moveukraine.org\/wp-content\/uploads\/2025\/07\/img_0055-1164x2048.jpg 1164w, https:\/\/moveukraine.org\/wp-content\/uploads\/2025\/07\/img_0055.jpg 1320w\" sizes=\"auto, (max-width: 582px) 100vw, 582px\" \/><\/a>\n\t\t\t\t\t<\/h5><h5>\n\t\t\t\t\t     d\u00e9cembre 17, 2025  \n\t\t\t\t\t\n\t\t\t\t\t<h3><a href='https:\/\/moveukraine.org\/fr\/index.php\/moveukraine-ouvre-un-centre-de-rehabilitation-a-zalishchyky-dans-la-region-de-ternopil\/' title='MoveUkraine ouvre un centre de r\u00e9habilitation \u00e0 Zalishchyky, dans la r\u00e9gion de Ternopil'>MoveUkraine ouvre un centre de r\u00e9habilitation \u00e0 Zalishchyky, dans la r\u00e9gion de Ternopil<\/a><\/h3>\n<h1>\n\t\t\tNotre rapport\t<\/h1>\n\t<p>Notre engagement en faveur de la transparence est le principe directeur de notre parcours philanthropique<\/p>\n\t\t\t<a href=\"https:\/\/moveukraine.org\/wp-content\/uploads\/2026\/02\/annual-report-2025_001---final_compressed.pdf\"  target=\"_self\"  download>\n\t\t\t\t\t\tT\u00e9l\u00e9charger notre rapport annuel 2025\n\t\t\t\t\t<\/a>\n\t\t\t<a href=\"https:\/\/moveukraine.org\/wp-content\/uploads\/2025\/02\/moveukraine-annual-report-2024.pdf\"  target=\"_self\"  download>\n\t\t\t\t\t\tT\u00e9l\u00e9charger notre rapport annuel 2024\n\t\t\t\t\t<\/a>\n\t\t\t<a href=\"https:\/\/moveukraine.org\/wp-content\/uploads\/2024\/03\/moveukraine_report_annual-2023_compressed_22-03-2024.pdf\"  target=\"_self\"  download>\n\t\t\t\t\t\tT\u00e9l\u00e9chargez notre rapport annuel 2023\n\t\t\t\t\t<\/a>\n<h1>\n\t\t\tNos Partenaires\t<\/h1>\n\t<p>Nous travaillons en \u00e9troite collaboration avec nos partenaires pour mieux exploiter chaque fonds donn\u00e9<\/p>\n<h2>\n\t\t\tContactez nous\t<\/h2>\n\t<h4>Move Ukraine<\/h4>\n<p>24\/7, Instytutska str., office 49, 01021, Kyiv, Ukraine<\/p>\n<p><a href=\"mailto:contact@moveukraine.org\">contact@moveukraine.org<\/a><\/p>\n<\/h5>\n","protected":false},"excerpt":{"rendered":"<p>Construire des logements et reconstruire la vie des Ukrainiens touch\u00e9s par la guerre, notamment des centres de r\u00e9adaptation pour les anciens combattants et les civils Voir les projets Nous redonnons espoir en cr\u00e9ant des centres de r\u00e9adaptation pour les Ukrainiens touch\u00e9s par la guerre Faire un don Nous cr\u00e9ons des logements sociaux d\u00e9cents pour les [&hellip;]<\/p>\n","protected":false},"author":19,"featured_media":0,"parent":0,"menu_order":0,"comment_status":"closed","ping_status":"closed","template":"","meta":{"_acf_changed":false,"give_campaign_id":0,"footnotes":""},"class_list":["post-16117","page","type-page","status-publish","hentry","wpbf-post"],"acf":[],"campaignId":"","_links":{"self":[{"href":"https:\/\/moveukraine.org\/fr\/index.php\/wp-json\/wp\/v2\/pages\/16117","targetHints":{"allow":["GET"]}}],"collection":[{"href":"https:\/\/moveukraine.org\/fr\/index.php\/wp-json\/wp\/v2\/pages"}],"about":[{"href":"https:\/\/moveukraine.org\/fr\/index.php\/wp-json\/wp\/v2\/types\/page"}],"author":[{"embeddable":true,"href":"https:\/\/moveukraine.org\/fr\/index.php\/wp-json\/wp\/v2\/users\/19"}],"replies":[{"embeddable":true,"href":"https:\/\/moveukraine.org\/fr\/index.php\/wp-json\/wp\/v2\/comments?post=16117"}],"version-history":[{"count":11,"href":"https:\/\/moveukraine.org\/fr\/index.php\/wp-json\/wp\/v2\/pages\/16117\/revisions"}],"predecessor-version":[{"id":21114,"href":"https:\/\/moveukraine.org\/fr\/index.php\/wp-json\/wp\/v2\/pages\/16117\/revisions\/21114"}],"wp:attachment":[{"href":"https:\/\/moveukraine.org\/fr\/index.php\/wp-json\/wp\/v2\/media?parent=16117"}],"curies":[{"name":"wp","href":"https:\/\/api.w.org\/{rel}","templated":true}]}}