{"id":16119,"date":"2023-10-17T18:17:24","date_gmt":"2023-10-17T18:17:24","guid":{"rendered":"https:\/\/moveukraine.org\/faq_nouveau\/"},"modified":"2025-09-25T19:32:53","modified_gmt":"2025-09-25T19:32:53","slug":"faq","status":"publish","type":"page","link":"https:\/\/moveukraine.org\/fr\/index.php\/faq\/","title":{"rendered":"FAQ"},"content":{"rendered":"\n\n\t\t\t\t<img decoding=\"async\" src=\"https:\/\/moveukraine.org\/wp-content\/uploads\/2023\/10\/mukrnlowres-70-scaled.jpg\" alt=\"FAQ photo\" itemprop=\"image\" height=\"1707\" width=\"2560\" title=\"FAQ photo\" onerror=\"this.style.display='none'\" loading=\"lazy\" \/>\n<h1>\n\t\t\tNous sommes l\u00e0 pour r\u00e9pondre \u00e0 toutes vos questions sur notre collecte de fonds et nos efforts en Ukraine. Veuillez consulter ci-dessous les questions fr\u00e9quemment pos\u00e9es.\t<\/h1>\n<h2>\n\t\t<a href=\"https:\/\/moveukraine.org\/news\/guidelines-for-resettling-internally-displaced-ukrainians-in-renovated-moveukraine-facilities\/\" title=\"Lignes directrices pour l&#039;installation des personnes d\u00e9plac\u00e9es dans les installations r\u00e9nov\u00e9es de MoveUkraine\"  target=\"_self\">\n\t\t\tLignes directrices pour l&rsquo;installation des personnes d\u00e9plac\u00e9es dans les installations r\u00e9nov\u00e9es de MoveUkraine\t\t<\/a>\n\t<\/h2>\n<h2>\n\t\t\tFAQ g\u00e9n\u00e9rales\t<\/h2>\n\t\t\t\t\t<a href=\"#\"  id=\"fl-accordion--label-0\" tabindex=\"0\" aria-controls=\"fl-accordion--panel-0\">Pourquoi devrais-je faire un don \u00e0 MoveUkraine ?<\/a>\n\t\t\t\t\t\t\t\t\t\t\t<a href=\"#\" id=\"fl-accordion--icon-0\"  tabindex=\"0\"><i title=\"D\u00e9plier\">D\u00e9plier<\/i><\/a>\n\t\t\t\t\t<p>Les fondateurs de MoveUkraine sont des expatri\u00e9s des \u00c9tats-Unis et de Suisse qui vivent et exploitent leur entreprise en Ukraine depuis plus de 30 ans. Ils sont sur le terrain et peuvent r\u00e9pondre le plus efficacement et le plus rapidement possible aux besoins des personnes d\u00e9plac\u00e9es et des anciens combattants en fonction des conditions des donateurs.<\/p>\n\t\t\t\t\t<a href=\"#\"  id=\"fl-accordion--label-1\" tabindex=\"0\" aria-controls=\"fl-accordion--panel-1\">Quels sont les objectifs de MoveUkraine ?<\/a>\n\t\t\t\t\t\t\t\t\t\t\t<a href=\"#\" id=\"fl-accordion--icon-1\"  tabindex=\"0\"><i title=\"D\u00e9plier\">D\u00e9plier<\/i><\/a>\n\t\t\t\t\t<p>MoveUkraine r\u00e9pond \u00e0 un besoin urgent et vital en raison de la destruction de plus d&rsquo;un million de maisons de civils innocents pendant la guerre. MoveUkraine construit et r\u00e9pare des b\u00e2timents pour loger les personnes d\u00e9plac\u00e9es \u00e0 l&rsquo;int\u00e9rieur du pays. MoveUkraine r\u00e9pond \u00e9galement au besoin croissant de centres de r\u00e9adaptation pour les v\u00e9t\u00e9rans et les civils. Elle r\u00e9nove ou construit et \u00e9quipe des centres communautaires.<\/p>\n\t\t\t\t\t<a href=\"#\"  id=\"fl-accordion--label-2\" tabindex=\"0\" aria-controls=\"fl-accordion--panel-2\">Comment MoveUkraine se coordonne-t-elle avec d&rsquo;autres agences d&rsquo;aide pour \u00e9viter la duplication des services ?<\/a>\n\t\t\t\t\t\t\t\t\t\t\t<a href=\"#\" id=\"fl-accordion--icon-2\"  tabindex=\"0\"><i title=\"D\u00e9plier\">D\u00e9plier<\/i><\/a>\n\t\t\t\t\t<p>Les fondateurs ont d\u00e9velopp\u00e9 un formidable r\u00e9seau avec les gouvernements locaux, les ONG et le monde des affaires. Cela permet \u00e0 MoveUkraine de maximiser son impact. MoveUkraine a jou\u00e9 le r\u00f4le d&rsquo;int\u00e9grateur ou de coordinateur de projet pour faire avancer les choses plus t\u00f4t, mieux et plus vite.<\/p>\n\t\t\t\t\t<a href=\"#\"  id=\"fl-accordion--label-3\" tabindex=\"0\" aria-controls=\"fl-accordion--panel-3\">Quelle part de mon don sera consacr\u00e9e aux programmes ?<\/a>\n\t\t\t\t\t\t\t\t\t\t\t<a href=\"#\" id=\"fl-accordion--icon-3\"  tabindex=\"0\"><i title=\"D\u00e9plier\">D\u00e9plier<\/i><\/a>\n\t\t\t\t\t<p>Plus de 90 % de tous les fonds sont directement destin\u00e9s aux projets. Le reste est destin\u00e9 aux d\u00e9penses administratives de ces projets.<\/p>\n\t\t\t\t\t<a href=\"#\"  id=\"fl-accordion--label-4\" tabindex=\"0\" aria-controls=\"fl-accordion--panel-4\">\u00c0 quoi servira mon don ?<\/a>\n\t\t\t\t\t\t\t\t\t\t\t<a href=\"#\" id=\"fl-accordion--icon-4\"  tabindex=\"0\"><i title=\"D\u00e9plier\">D\u00e9plier<\/i><\/a>\n\t\t\t\t\t<p>MoveUkraine r\u00e9pare et construit diff\u00e9rents types d&rsquo;installations de logement pour les familles d\u00e9plac\u00e9es et les personnes handicap\u00e9es. MoveUkraine r\u00e9pare ou construit \u00e9galement des centres de r\u00e9adaptation communautaires pour les v\u00e9t\u00e9rans et les civils.<\/p>\n\t\t\t\t\t<a href=\"#\"  id=\"fl-accordion--label-5\" tabindex=\"0\" aria-controls=\"fl-accordion--panel-5\">Est-il trop t\u00f4t pour reconstruire l&rsquo;Ukraine alors que la guerre continue de d\u00e9truire tant de choses dans ce pays ?<\/a>\n\t\t\t\t\t\t\t\t\t\t\t<a href=\"#\" id=\"fl-accordion--icon-5\"  tabindex=\"0\"><i title=\"D\u00e9plier\">D\u00e9plier<\/i><\/a>\n\t\t\t\t\t<p>Bien que MoveUkraine ait d\u00e9but\u00e9 en Ukraine occidentale, elle a \u00e9tendu son activit\u00e9 \u00e0 tout le pays, s\u00e9lectionnant des zones qui ne sont pas touch\u00e9es par la guerre ou consid\u00e9r\u00e9es comme des zones plus s\u00fbres, o\u00f9 des centaines de milliers de personnes d\u00e9plac\u00e9es vivent encore et ont urgemment besoin de notre aide.<\/p>\n\t\t\t\t\t<a href=\"#\"  id=\"fl-accordion--label-6\" tabindex=\"0\" aria-controls=\"fl-accordion--panel-6\">Puis-je b\u00e9n\u00e9ficier d&rsquo;exon\u00e9rations fiscales pour mon don ?<\/a>\n\t\t\t\t\t\t\t\t\t\t\t<a href=\"#\" id=\"fl-accordion--icon-6\"  tabindex=\"0\"><i title=\"D\u00e9plier\">D\u00e9plier<\/i><\/a>\n\t\t\t\t\t<p>MoveUkraine est un organisme de bienfaisance enregistr\u00e9 en Ukraine et en Suisse. Ainsi, vous pouvez b\u00e9n\u00e9ficier d&rsquo;une exon\u00e9ration fiscale si vous faites un don soit \u00e0 la fondation Applied Hope (501(c)(3)) soit \u00e0 MoveUkraine Swiss.<\/p>\n<p>&nbsp;<\/p>\n<p>&nbsp;<\/p>\n<h2>\n\t\t\tFAQ sur les finances\t<\/h2>\n\t\t\t\t\t<a href=\"#\"  id=\"fl-accordion--label-0\" tabindex=\"0\" aria-controls=\"fl-accordion--panel-0\">Je souhaite faire un don par testament ou par plan successoral. Quel est le langage appropri\u00e9 \u00e0 inclure ?<\/a>\n\t\t\t\t\t\t\t\t\t\t\t<a href=\"#\" id=\"fl-accordion--icon-0\"  tabindex=\"0\"><i title=\"D\u00e9plier\">D\u00e9plier<\/i><\/a>\n\t\t\t\t\t<p>Nous vous sugg\u00e9rons de parler \u00e0 votre avocat ou \u00e0 votre conseiller financier et de lui demander conseil sur la mani\u00e8re d&rsquo;orienter votre don. Ils voudront intituler votre don Applied Hope Foundation au nom de Move Ukraine. La langue peut varier selon les pays et les \u00c9tats des \u00c9tats-Unis.<\/p>\n\t\t\t\t\t<a href=\"#\"  id=\"fl-accordion--label-1\" tabindex=\"0\" aria-controls=\"fl-accordion--panel-1\">Mes informations de carte de cr\u00e9dit sont-elles s\u00e9curis\u00e9es ?  <\/a>\n\t\t\t\t\t\t\t\t\t\t\t<a href=\"#\" id=\"fl-accordion--icon-1\"  tabindex=\"0\"><i title=\"D\u00e9plier\">D\u00e9plier<\/i><\/a>\n\t\t\t\t\t<p>Oui. Le site est s\u00e9curis\u00e9 par cryptage SSL et nous utilisons des passerelles de paiement test\u00e9es et s\u00e9curis\u00e9es pour un traitement s\u00e9curis\u00e9 des paiements.<\/p>\n\t\t\t\t\t<a href=\"#\"  id=\"fl-accordion--label-2\" tabindex=\"0\" aria-controls=\"fl-accordion--panel-2\">Vendez-vous les informations personnelles de vos donateurs ?<\/a>\n\t\t\t\t\t\t\t\t\t\t\t<a href=\"#\" id=\"fl-accordion--icon-2\"  tabindex=\"0\"><i title=\"D\u00e9plier\">D\u00e9plier<\/i><\/a>\n\t\t\t\t\t<p>Non. MoveUkraine fait tout son possible pour prot\u00e9ger vos informations. Nous ne vendons ni ne partageons les informations des donateurs avec des tiers. Nous suivons les normes de confidentialit\u00e9 mondiales les plus strictes, y compris le RGPD.<\/p>\n\t\t\t\t\t<a href=\"#\"  id=\"fl-accordion--label-3\" tabindex=\"0\" aria-controls=\"fl-accordion--panel-3\">Pourquoi exigez-vous un montant minimum de don ?<\/a>\n\t\t\t\t\t\t\t\t\t\t\t<a href=\"#\" id=\"fl-accordion--icon-3\"  tabindex=\"0\"><i title=\"D\u00e9plier\">D\u00e9plier<\/i><\/a>\n\t\t\t\t\t<p>Nos fournisseurs de traitement de paiement tiers exigent un minimum de 5 $.<\/p>\n\t\t\t\t\t<a href=\"#\"  id=\"fl-accordion--label-4\" tabindex=\"0\" aria-controls=\"fl-accordion--panel-4\">Puis-je annuler un don r\u00e9current ?<\/a>\n\t\t\t\t\t\t\t\t\t\t\t<a href=\"#\" id=\"fl-accordion--icon-4\"  tabindex=\"0\"><i title=\"D\u00e9plier\">D\u00e9plier<\/i><\/a>\n\t\t\t\t\t<p>Oui, \u00e0 tout moment. Veuillez utiliser le formulaire de contact ci-dessous avec votre nom, l&rsquo;adresse e-mail que vous avez utilis\u00e9e lors de votre don et si vous souhaitez annuler ou modifier le montant mensuel en dollars.<\/p>\n\t\t\t\t\t<a href=\"#\"  id=\"fl-accordion--label-5\" tabindex=\"0\" aria-controls=\"fl-accordion--panel-5\">Quel est le num\u00e9ro d&rsquo;identification fiscale de MoveUkraine ?<\/a>\n\t\t\t\t\t\t\t\t\t\t\t<a href=\"#\" id=\"fl-accordion--icon-5\"  tabindex=\"0\"><i title=\"D\u00e9plier\">D\u00e9plier<\/i><\/a>\n\t\t\t\t\t<p>86-3535596<\/p>\n\t\t\t\t\t<a href=\"#\"  id=\"fl-accordion--label-6\" tabindex=\"0\" aria-controls=\"fl-accordion--panel-6\">Comment puis-je faire un don jumel\u00e9 ?<\/a>\n\t\t\t\t\t\t\t\t\t\t\t<a href=\"#\" id=\"fl-accordion--icon-6\"  tabindex=\"0\"><i title=\"D\u00e9plier\">D\u00e9plier<\/i><\/a>\n\t\t\t\t\t<p>MoveUkraine vous fournira votre re\u00e7u \u00e0 pr\u00e9senter \u00e0 votre employeur, puis, avec une note sur notre site Web, nous fournirons des informations de virement bancaire \u00e0 votre employeur.<\/p>\n\t\t\t\t\t<a href=\"#\"  id=\"fl-accordion--label-7\" tabindex=\"0\" aria-controls=\"fl-accordion--panel-7\">O\u00f9 dois-je envoyer mon don \u00e0 MoveUkraine ?<\/a>\n\t\t\t\t\t\t\t\t\t\t\t<a href=\"#\" id=\"fl-accordion--icon-7\"  tabindex=\"0\"><i title=\"D\u00e9plier\">D\u00e9plier<\/i><\/a>\n\t\t\t\t\t<p>Veuillez envoyer vos dons par courrier \u00e0 550 Uptown Court, #527, Kirkland, WA 98033<\/p>\n\t\t\t\t\t<a href=\"#\"  id=\"fl-accordion--label-8\" tabindex=\"0\" aria-controls=\"fl-accordion--panel-8\">Comment effectuer un virement bancaire vers MoveUkraine ?<\/a>\n\t\t\t\t\t\t\t\t\t\t\t<a href=\"#\" id=\"fl-accordion--icon-8\"  tabindex=\"0\"><i title=\"D\u00e9plier\">D\u00e9plier<\/i><\/a>\n\t\t\t\t\t<p>Veuillez utiliser le formulaire de contact ci-dessous pour demander les d\u00e9tails de virement bancaire n\u00e9cessaires.<\/p>\n\t\t\t\t\t<a href=\"#\"  id=\"fl-accordion--label-9\" tabindex=\"0\" aria-controls=\"fl-accordion--panel-9\">Qui dois-je contacter si j&rsquo;ai une question ou un probl\u00e8me avec mon don ?<\/a>\n\t\t\t\t\t\t\t\t\t\t\t<a href=\"#\" id=\"fl-accordion--icon-9\"  tabindex=\"0\"><i title=\"D\u00e9plier\">D\u00e9plier<\/i><\/a>\n\t\t\t\t\t<p>Veuillez consulter la page \u00c0 propos de nous.<\/p>\n\t\t\t\t\t<a href=\"#\"  id=\"fl-accordion--label-10\" tabindex=\"0\" aria-controls=\"fl-accordion--panel-10\">Vais-je recevoir un re\u00e7u pour mon don?<\/a>\n\t\t\t\t\t\t\t\t\t\t\t<a href=\"#\" id=\"fl-accordion--icon-10\"  tabindex=\"0\"><i title=\"D\u00e9plier\">D\u00e9plier<\/i><\/a>\n\t\t\t\t\t<p>Oui, il est possible que vous receviez plusieurs re\u00e7us. Souvent, vous recevrez un re\u00e7u instantan\u00e9 de notre site Web imm\u00e9diatement apr\u00e8s avoir effectu\u00e9 votre don, suivi d&rsquo;un deuxi\u00e8me re\u00e7u envoy\u00e9 \u00e0 l&rsquo;adresse e-mail que vous avez fournie lors du processus de don.<\/p>\n\t\t\t\t\t<a href=\"#\"  id=\"fl-accordion--label-11\" tabindex=\"0\" aria-controls=\"fl-accordion--panel-11\">Puis-je faire un don si je vis en dehors des \u00c9tats-Unis&nbsp;?<\/a>\n\t\t\t\t\t\t\t\t\t\t\t<a href=\"#\" id=\"fl-accordion--icon-11\"  tabindex=\"0\"><i title=\"D\u00e9plier\">D\u00e9plier<\/i><\/a>\n\t\t\t\t\t<p>Oui. Nous acceptons toute forme de soutien \u00e0 l&rsquo;\u00e9chelle mondiale pour r\u00e9pondre \u00e0 ce besoin urgent.<\/p>\n\t\t\t\t\t<a href=\"#\"  id=\"fl-accordion--label-12\" tabindex=\"0\" aria-controls=\"fl-accordion--panel-12\">Comment faire un don ?<\/a>\n\t\t\t\t\t\t\t\t\t\t\t<a href=\"#\" id=\"fl-accordion--icon-12\"  tabindex=\"0\"><i title=\"D\u00e9plier\">D\u00e9plier<\/i><\/a>\n\t\t\t\t\t<p>Il existe diff\u00e9rentes options pour les cartes de cr\u00e9dit. Veuillez vous rendre sur notre page de don sur Donation Page-MoveUkraine.org et s\u00e9lectionnez parmi les diff\u00e9rentes options de carte de d\u00e9bit\/cr\u00e9dit, Stripe et PayPal. Pour d&rsquo;autres options telles que les virements \u00e9lectroniques, les transferts d&rsquo;actions, les transferts \u00e9lectroniques de fonds et les fonds de contrepartie d&rsquo;entreprise, utilisez le formulaire de contact ci-dessous pour initier un dialogue par courrier \u00e9lectronique avec nous.<\/p>\n\t\t\t\t\t<a href=\"#\"  id=\"fl-accordion--label-13\" tabindex=\"0\" aria-controls=\"fl-accordion--panel-13\">Les frais de traitement des transactions seront-ils appliqu\u00e9s \u00e0 mes dons mensuels r\u00e9currents ?<\/a>\n\t\t\t\t\t\t\t\t\t\t\t<a href=\"#\" id=\"fl-accordion--icon-13\"  tabindex=\"0\"><i title=\"D\u00e9plier\">D\u00e9plier<\/i><\/a>\n\t\t\t\t\t<p>Oui, des frais de transaction sont factur\u00e9s \u00e0 chaque traitement de paiement de don.<\/p>\n\t\t\t\t\t<a href=\"#\"  id=\"fl-accordion--label-14\" tabindex=\"0\" aria-controls=\"fl-accordion--panel-14\">Puis-je demander une annulation ou un remboursement des frais de traitement de transaction ?<\/a>\n\t\t\t\t\t\t\t\t\t\t\t<a href=\"#\" id=\"fl-accordion--icon-14\"  tabindex=\"0\"><i title=\"D\u00e9plier\">D\u00e9plier<\/i><\/a>\n\t\t\t\t\t<p>Non, malheureusement, il s&rsquo;agit d&rsquo;un co\u00fbt que nous engageons \u00e0 chaque transaction.<\/p>\n\t\t\t\t\t<a href=\"#\"  id=\"fl-accordion--label-15\" tabindex=\"0\" aria-controls=\"fl-accordion--panel-15\">Comment puis-je mettre \u00e0 jour mes informations personnelles ?<\/a>\n\t\t\t\t\t\t\t\t\t\t\t<a href=\"#\" id=\"fl-accordion--icon-15\"  tabindex=\"0\"><i title=\"D\u00e9plier\">D\u00e9plier<\/i><\/a>\n\t\t\t\t\t<p>Veuillez envoyer vos informations mises \u00e0 jour en utilisant le formulaire de contact ci-dessous.<\/p>\n\t\t\t\t\t<a href=\"#\"  id=\"fl-accordion--label-16\" tabindex=\"0\" aria-controls=\"fl-accordion--panel-16\">Ma carte de cr\u00e9dit a \u00e9t\u00e9 refus\u00e9e plusieurs fois lorsque j&rsquo;ai tent\u00e9 de faire un don sur le site, que dois-je faire ?<\/a>\n\t\t\t\t\t\t\t\t\t\t\t<a href=\"#\" id=\"fl-accordion--icon-16\"  tabindex=\"0\"><i title=\"D\u00e9plier\">D\u00e9plier<\/i><\/a>\n\t\t\t\t\t<p>Veuillez envoyer un courriel \u00e0 mathewsg@ahf.earth ou appeler le 1-808-775-7718.<\/p>\n<h2>\n\t\t\tFAQ sur le b\u00e9n\u00e9volat\t<\/h2>\n\t\t\t\t\t<a href=\"#\"  id=\"fl-accordion--label-0\" tabindex=\"0\" aria-controls=\"fl-accordion--panel-0\">Comment puis-je m&rsquo;impliquer pour soutenir l&rsquo;association caritative ?<\/a>\n\t\t\t\t\t\t\t\t\t\t\t<a href=\"#\" id=\"fl-accordion--icon-0\"  tabindex=\"0\"><i title=\"D\u00e9plier\">D\u00e9plier<\/i><\/a>\n\t\t\t\t\t<p>Veuillez utiliser le formulaire de contact ci-dessous pour coordonner vos efforts de collecte de fonds et pour trouver d&rsquo;autres projets correspondant \u00e0 vos comp\u00e9tences.<\/p>\n\t\t\t\t\t<a href=\"#\"  id=\"fl-accordion--label-1\" tabindex=\"0\" aria-controls=\"fl-accordion--panel-1\">Comment puis-je collecter des fonds au nom de MoveUkraine.org ?<\/a>\n\t\t\t\t\t\t\t\t\t\t\t<a href=\"#\" id=\"fl-accordion--icon-1\"  tabindex=\"0\"><i title=\"D\u00e9plier\">D\u00e9plier<\/i><\/a>\n\t\t\t\t\t<p>Veuillez nous contacter en utilisant le formulaire de contact ci-dessous pour discuter de vos id\u00e9es. Tant que nous pouvons maintenir les projets dans les limites des directives d&rsquo;un 501(c)(3), nous serions ravis de travailler avec vous.<\/p>\n<h2>\n\t\t\tQuestions g\u00e9n\u00e9rales\t<\/h2>\n<h2>\n\t\t\tQuestions financi\u00e8res\t<\/h2>\n<h2>\n\t\t\tPour toute autre question &#8211; contact@moveukraine.org\t<\/h2>\n\n","protected":false},"excerpt":{"rendered":"<p>Nous sommes l\u00e0 pour r\u00e9pondre \u00e0 toutes vos questions sur notre collecte de fonds et nos efforts en Ukraine. Veuillez consulter ci-dessous les questions fr\u00e9quemment pos\u00e9es. Lignes directrices pour l&rsquo;installation des personnes d\u00e9plac\u00e9es dans les installations r\u00e9nov\u00e9es de MoveUkraine FAQ g\u00e9n\u00e9rales Pourquoi devrais-je faire un don \u00e0 MoveUkraine ? D\u00e9plier Les fondateurs de MoveUkraine sont [&hellip;]<\/p>\n","protected":false},"author":19,"featured_media":0,"parent":0,"menu_order":0,"comment_status":"closed","ping_status":"closed","template":"","meta":{"_acf_changed":false,"give_campaign_id":0,"footnotes":""},"class_list":["post-16119","page","type-page","status-publish","hentry","wpbf-post"],"acf":[],"campaignId":"","_links":{"self":[{"href":"https:\/\/moveukraine.org\/fr\/index.php\/wp-json\/wp\/v2\/pages\/16119","targetHints":{"allow":["GET"]}}],"collection":[{"href":"https:\/\/moveukraine.org\/fr\/index.php\/wp-json\/wp\/v2\/pages"}],"about":[{"href":"https:\/\/moveukraine.org\/fr\/index.php\/wp-json\/wp\/v2\/types\/page"}],"author":[{"embeddable":true,"href":"https:\/\/moveukraine.org\/fr\/index.php\/wp-json\/wp\/v2\/users\/19"}],"replies":[{"embeddable":true,"href":"https:\/\/moveukraine.org\/fr\/index.php\/wp-json\/wp\/v2\/comments?post=16119"}],"version-history":[{"count":2,"href":"https:\/\/moveukraine.org\/fr\/index.php\/wp-json\/wp\/v2\/pages\/16119\/revisions"}],"predecessor-version":[{"id":19543,"href":"https:\/\/moveukraine.org\/fr\/index.php\/wp-json\/wp\/v2\/pages\/16119\/revisions\/19543"}],"wp:attachment":[{"href":"https:\/\/moveukraine.org\/fr\/index.php\/wp-json\/wp\/v2\/media?parent=16119"}],"curies":[{"name":"wp","href":"https:\/\/api.w.org\/{rel}","templated":true}]}}